{"id":125,"date":"2022-07-18T14:13:59","date_gmt":"2022-07-18T12:13:59","guid":{"rendered":"https:\/\/emsbodyfit25.com\/?page_id=125"},"modified":"2025-03-03T18:59:15","modified_gmt":"2025-03-03T17:59:15","slug":"notre-concept","status":"publish","type":"page","link":"https:\/\/emsbodyfit25.com\/en\/notre-concept\/","title":{"rendered":"Our concept"},"content":{"rendered":"\t\t<div data-elementor-type=\"wp-page\" data-elementor-id=\"125\" class=\"elementor elementor-125\">\n\t\t\t\t\t\t<section class=\"elementor-section elementor-top-section elementor-element elementor-element-b651da5 elementor-section-boxed elementor-section-height-default elementor-section-height-default\" data-id=\"b651da5\" data-element_type=\"section\">\n\t\t\t\t\t\t<div class=\"elementor-container elementor-column-gap-default\">\n\t\t\t\t\t<div class=\"elementor-column elementor-col-100 elementor-top-column elementor-element elementor-element-ba6590c\" data-id=\"ba6590c\" data-element_type=\"column\">\n\t\t\t<div class=\"elementor-widget-wrap elementor-element-populated\">\n\t\t\t\t\t\t<div class=\"elementor-element elementor-element-16b7459 elementor-widget elementor-widget-text-editor\" data-id=\"16b7459\" data-element_type=\"widget\" data-widget_type=\"text-editor.default\">\n\t\t\t\t<div class=\"elementor-widget-container\">\n\t\t\t<style>\/*! elementor - v3.23.0 - 05-08-2024 *\/\n.elementor-widget-text-editor.elementor-drop-cap-view-stacked .elementor-drop-cap{background-color:#69727d;color:#fff}.elementor-widget-text-editor.elementor-drop-cap-view-framed .elementor-drop-cap{color:#69727d;border:3px solid;background-color:transparent}.elementor-widget-text-editor:not(.elementor-drop-cap-view-default) .elementor-drop-cap{margin-top:8px}.elementor-widget-text-editor:not(.elementor-drop-cap-view-default) .elementor-drop-cap-letter{width:1em;height:1em}.elementor-widget-text-editor .elementor-drop-cap{float:left;text-align:center;line-height:1;font-size:50px}.elementor-widget-text-editor .elementor-drop-cap-letter{display:inline-block}<\/style>\t\t\t\t<p>EMSBODYFIT,<\/p><p>c&rsquo;est la synth\u00e8se entre le meilleur de la technologie EMS et du sport, au service de votre sant\u00e9. Aujourd&rsquo;hui on ne discute plus les bienfaits de\u00a0<b>l&rsquo;\u00e9lectrostimulation<\/b>\u00a0: athl\u00e8tes de haut niveau, mannequins, acteurs de renomm\u00e9e internationale\u2026<\/p>\t\t\t\t\t\t<\/div>\n\t\t\t\t<\/div>\n\t\t\t\t<div class=\"elementor-element elementor-element-c7372ae elementor-widget elementor-widget-text-editor\" data-id=\"c7372ae\" data-element_type=\"widget\" data-widget_type=\"text-editor.default\">\n\t\t\t\t<div class=\"elementor-widget-container\">\n\t\t\t\t\t\t\t<p>Aujourd\u2019hui on ne discute plus les bienfaits de l\u2019\u00e9lectrostimulation : athl\u00e8tes de haut niveau, mannequins, acteurs de renomm\u00e9e internationale\u2026 Beaucoup ont \u00e9prouv\u00e9 les vertus de cette technique et constat\u00e9 ses remarquables r\u00e9sultats. M\u00eame la m\u00e9decine sportive recommande son usage ; voil\u00e0 pourquoi on assiste ces derni\u00e8res ann\u00e9es au d\u00e9veloppement exponentiel des centres qui proposent cette activit\u00e9.<\/p><p>\u00a0<\/p><div>Pourtant, chez EMSBODYFIT nous pensons qu\u2019il manque un \u00e9l\u00e9ment essentiel \u00e0 sa pratique : le plaisir. Que ce soit le sport en g\u00e9n\u00e9ral, la musculation en particulier, et m\u00eame l\u2019\u00e9lectrostimulation sp\u00e9cifiquement, nous ne saurions concevoir de pratiquer sans l\u2019aspect ludique, crucial pour passer un moment non seulement b\u00e9n\u00e9fique pour le corps, mais aussi pour l\u2019esprit. Les multiples centres qui proposent cette activit\u00e9 offrent syst\u00e9matiquement les m\u00eames conditions : vous portez une combinaison reli\u00e9e \u00e0 un ordinateur par un fil. L\u2019espace est r\u00e9duit, la pratique limit\u00e9e, votre confort restreint. C\u2019est en cela que r\u00e9side la vraie innovation de EMSBODYFIT : l\u2019appareil est sans fil. C\u2019est une v\u00e9ritable r\u00e9volution dans le monde de l\u2019\u00e9lectrostimulation ! Libre de vos mouvements, il n\u2019y a plus aucune limite \u00e0 la nature et \u00e0 la diversit\u00e9 de vos exercices. Notre coach dipl\u00f4m\u00e9 et passionn\u00e9, est \u00e0 votre \u00e9coute pour modeler votre corps, et stimuler votre bonne humeur. Offrez-nous 20 minutes de votre vie, en \u00e9change nous vous promettons sant\u00e9, forme, plaisir\u2026 et un corps de r\u00eave en quelques semaines !<\/div><p>\u00a0<\/p>\t\t\t\t\t\t<\/div>\n\t\t\t\t<\/div>\n\t\t\t\t\t<\/div>\n\t\t<\/div>\n\t\t\t\t\t<\/div>\n\t\t<\/section>\n\t\t\t\t<section class=\"elementor-section elementor-top-section elementor-element elementor-element-6bd0d56 elementor-section-boxed elementor-section-height-default elementor-section-height-default\" data-id=\"6bd0d56\" data-element_type=\"section\">\n\t\t\t\t\t\t<div class=\"elementor-container elementor-column-gap-default\">\n\t\t\t\t\t<div class=\"elementor-column elementor-col-50 elementor-top-column elementor-element elementor-element-c8d8423\" data-id=\"c8d8423\" data-element_type=\"column\">\n\t\t\t<div class=\"elementor-widget-wrap elementor-element-populated\">\n\t\t\t\t\t\t<div class=\"elementor-element elementor-element-56a1418 elementor-widget elementor-widget-image\" data-id=\"56a1418\" data-element_type=\"widget\" data-widget_type=\"image.default\">\n\t\t\t\t<div class=\"elementor-widget-container\">\n\t\t\t<style>\/*! elementor - v3.23.0 - 05-08-2024 *\/\n.elementor-widget-image{text-align:center}.elementor-widget-image a{display:inline-block}.elementor-widget-image a img[src$=\".svg\"]{width:48px}.elementor-widget-image img{vertical-align:middle;display:inline-block}<\/style>\t\t\t\t\t\t\t\t\t\t<img fetchpriority=\"high\" width=\"739\" height=\"544\" src=\"https:\/\/emsbodyfit25.com\/wp-content\/uploads\/2022\/07\/inline-photo.jpg\" class=\"attachment-medium_large size-medium_large wp-image-941\" alt=\"\" srcset=\"https:\/\/emsbodyfit25.com\/wp-content\/uploads\/2022\/07\/inline-photo.jpg 739w, https:\/\/emsbodyfit25.com\/wp-content\/uploads\/2022\/07\/inline-photo-300x221.jpg 300w\" sizes=\"(max-width: 739px) 100vw, 739px\" \/>\t\t\t\t\t\t\t\t\t\t\t\t\t<\/div>\n\t\t\t\t<\/div>\n\t\t\t\t\t<\/div>\n\t\t<\/div>\n\t\t\t\t<div class=\"elementor-column elementor-col-50 elementor-top-column elementor-element elementor-element-aad54c1\" data-id=\"aad54c1\" data-element_type=\"column\">\n\t\t\t<div class=\"elementor-widget-wrap elementor-element-populated\">\n\t\t\t\t\t\t<div class=\"elementor-element elementor-element-4a823df elementor-widget elementor-widget-image\" data-id=\"4a823df\" data-element_type=\"widget\" data-widget_type=\"image.default\">\n\t\t\t\t<div class=\"elementor-widget-container\">\n\t\t\t\t\t\t\t\t\t\t\t\t\t<img width=\"1024\" height=\"683\" src=\"https:\/\/emsbodyfit25.com\/wp-content\/uploads\/2022\/07\/innline.1-0058-2-1024x683.jpg\" class=\"attachment-large size-large wp-image-943\" alt=\"\" srcset=\"https:\/\/emsbodyfit25.com\/wp-content\/uploads\/2022\/07\/innline.1-0058-2-1024x683.jpg 1024w, https:\/\/emsbodyfit25.com\/wp-content\/uploads\/2022\/07\/innline.1-0058-2-300x200.jpg 300w, https:\/\/emsbodyfit25.com\/wp-content\/uploads\/2022\/07\/innline.1-0058-2-768x512.jpg 768w, https:\/\/emsbodyfit25.com\/wp-content\/uploads\/2022\/07\/innline.1-0058-2-1536x1024.jpg 1536w, https:\/\/emsbodyfit25.com\/wp-content\/uploads\/2022\/07\/innline.1-0058-2.jpg 2048w\" sizes=\"(max-width: 1024px) 100vw, 1024px\" \/>\t\t\t\t\t\t\t\t\t\t\t\t\t<\/div>\n\t\t\t\t<\/div>\n\t\t\t\t\t<\/div>\n\t\t<\/div>\n\t\t\t\t\t<\/div>\n\t\t<\/section>\n\t\t\t\t<section class=\"elementor-section elementor-top-section elementor-element elementor-element-27ff7d9 elementor-section-boxed elementor-section-height-default elementor-section-height-default\" data-id=\"27ff7d9\" data-element_type=\"section\">\n\t\t\t\t\t\t<div class=\"elementor-container elementor-column-gap-default\">\n\t\t\t\t\t<div class=\"elementor-column elementor-col-33 elementor-top-column elementor-element elementor-element-e445a4a\" data-id=\"e445a4a\" data-element_type=\"column\">\n\t\t\t<div class=\"elementor-widget-wrap elementor-element-populated\">\n\t\t\t\t\t\t<div class=\"elementor-element elementor-element-c8c829b elementor-widget elementor-widget-text-editor\" data-id=\"c8c829b\" data-element_type=\"widget\" data-widget_type=\"text-editor.default\">\n\t\t\t\t<div class=\"elementor-widget-container\">\n\t\t\t\t\t\t\t<h2>EMSBODYFIT a pens\u00e9 \u00e0 tous.<\/h2><h3>Vous pouvez venir en couple !<\/h3><p>Nos infrastructures ont tout pr\u00e9vu ; nous vous accueillons en duo avec le m\u00eame plaisir et des exercices sp\u00e9cifiquement imagin\u00e9s pour cette configuration. Nos coachs travaillent sur l\u2019\u00e9mulation, vous stimulent avec des mouvements interactifs, qui vous incitent au partage de l\u2019effort et du plaisir avec votre partenaire.<\/p>\t\t\t\t\t\t<\/div>\n\t\t\t\t<\/div>\n\t\t\t\t\t<\/div>\n\t\t<\/div>\n\t\t\t\t<div class=\"elementor-column elementor-col-66 elementor-top-column elementor-element elementor-element-1302c1a\" data-id=\"1302c1a\" data-element_type=\"column\">\n\t\t\t<div class=\"elementor-widget-wrap elementor-element-populated\">\n\t\t\t\t\t\t<div class=\"elementor-element elementor-element-5ee8f11 elementor-widget elementor-widget-image\" data-id=\"5ee8f11\" data-element_type=\"widget\" data-widget_type=\"image.default\">\n\t\t\t\t<div class=\"elementor-widget-container\">\n\t\t\t\t\t\t\t\t\t\t\t\t\t<img width=\"768\" height=\"1024\" src=\"https:\/\/emsbodyfit25.com\/wp-content\/uploads\/2025\/03\/1f0780c8-8643-4433-be2b-b0a897296c7e-1-768x1024.jpg\" class=\"attachment-large size-large wp-image-1465\" alt=\"\" srcset=\"https:\/\/emsbodyfit25.com\/wp-content\/uploads\/2025\/03\/1f0780c8-8643-4433-be2b-b0a897296c7e-1-768x1024.jpg 768w, https:\/\/emsbodyfit25.com\/wp-content\/uploads\/2025\/03\/1f0780c8-8643-4433-be2b-b0a897296c7e-1-225x300.jpg 225w, https:\/\/emsbodyfit25.com\/wp-content\/uploads\/2025\/03\/1f0780c8-8643-4433-be2b-b0a897296c7e-1-1152x1536.jpg 1152w, https:\/\/emsbodyfit25.com\/wp-content\/uploads\/2025\/03\/1f0780c8-8643-4433-be2b-b0a897296c7e-1-9x12.jpg 9w, https:\/\/emsbodyfit25.com\/wp-content\/uploads\/2025\/03\/1f0780c8-8643-4433-be2b-b0a897296c7e-1.jpg 1536w\" sizes=\"(max-width: 768px) 100vw, 768px\" \/>\t\t\t\t\t\t\t\t\t\t\t\t\t<\/div>\n\t\t\t\t<\/div>\n\t\t\t\t\t<\/div>\n\t\t<\/div>\n\t\t\t\t\t<\/div>\n\t\t<\/section>\n\t\t\t\t<section class=\"elementor-section elementor-top-section elementor-element elementor-element-1270eca elementor-section-boxed elementor-section-height-default elementor-section-height-default\" data-id=\"1270eca\" data-element_type=\"section\">\n\t\t\t\t\t\t<div class=\"elementor-container elementor-column-gap-default\">\n\t\t\t\t\t<div class=\"elementor-column elementor-col-50 elementor-top-column elementor-element elementor-element-fc69d8f\" data-id=\"fc69d8f\" data-element_type=\"column\">\n\t\t\t<div class=\"elementor-widget-wrap elementor-element-populated\">\n\t\t\t\t\t\t<div class=\"elementor-element elementor-element-02c0d4a elementor-widget elementor-widget-image\" data-id=\"02c0d4a\" data-element_type=\"widget\" data-widget_type=\"image.default\">\n\t\t\t\t<div class=\"elementor-widget-container\">\n\t\t\t\t\t\t\t\t\t\t\t\t\t<img loading=\"lazy\" width=\"768\" height=\"1024\" src=\"https:\/\/emsbodyfit25.com\/wp-content\/uploads\/2025\/03\/c263cec2-baa1-409b-ae2d-c7f754b3e0ca-768x1024.jpg\" class=\"attachment-large size-large wp-image-1472\" alt=\"\" srcset=\"https:\/\/emsbodyfit25.com\/wp-content\/uploads\/2025\/03\/c263cec2-baa1-409b-ae2d-c7f754b3e0ca-768x1024.jpg 768w, https:\/\/emsbodyfit25.com\/wp-content\/uploads\/2025\/03\/c263cec2-baa1-409b-ae2d-c7f754b3e0ca-225x300.jpg 225w, https:\/\/emsbodyfit25.com\/wp-content\/uploads\/2025\/03\/c263cec2-baa1-409b-ae2d-c7f754b3e0ca-1152x1536.jpg 1152w, https:\/\/emsbodyfit25.com\/wp-content\/uploads\/2025\/03\/c263cec2-baa1-409b-ae2d-c7f754b3e0ca-9x12.jpg 9w, https:\/\/emsbodyfit25.com\/wp-content\/uploads\/2025\/03\/c263cec2-baa1-409b-ae2d-c7f754b3e0ca.jpg 1536w\" sizes=\"(max-width: 768px) 100vw, 768px\" \/>\t\t\t\t\t\t\t\t\t\t\t\t\t<\/div>\n\t\t\t\t<\/div>\n\t\t\t\t\t<\/div>\n\t\t<\/div>\n\t\t\t\t<div class=\"elementor-column elementor-col-50 elementor-top-column elementor-element elementor-element-ad394a8\" data-id=\"ad394a8\" data-element_type=\"column\">\n\t\t\t<div class=\"elementor-widget-wrap elementor-element-populated\">\n\t\t\t\t\t\t<div class=\"elementor-element elementor-element-5801d2f elementor-widget elementor-widget-text-editor\" data-id=\"5801d2f\" data-element_type=\"widget\" data-widget_type=\"text-editor.default\">\n\t\t\t\t<div class=\"elementor-widget-container\">\n\t\t\t\t\t\t\t<h3>Vous \u00eates un s\u00e9nior ?<\/h3><p>Vous craignez que l\u2019\u00e9lectrostimulation ne soit pas pour vous ? D\u00e9trompez-vous ! EMSBODYFIT c\u2019est pour tout le monde. L\u00e0 encore, les coachs sont form\u00e9s \u00e0 adapter la s\u00e9ance \u00e0 votre potentiel cardio-respiratoire ; ils prennent en compte vos possibilit\u00e9s pour vous faire progresser dans le respect rigoureux de votre s\u00e9curit\u00e9, et favorisent l\u2019am\u00e9lioration de votre sant\u00e9.<\/p><p>\u00a0<\/p><p>En outre, un syst\u00e8me de r\u00e9cup\u00e9ration est effectu\u00e9 apr\u00e8s chaque cours afin de recouvrer forme et confort rapidement. Cette m\u00e9thode a le pouvoir de casser les capitons de la peau faisant l\u2019effet d\u2019un \u00ab palp\u00e9-roul\u00e9 \u00bb. Une diminution de la cellulite et de la peau d\u2019orange est nettement visible d\u00e8s la quatri\u00e8me s\u00e9ance gr\u00e2ce \u00e0 un programme de 5 minutes.<\/p><p>\u00a0<\/p>\t\t\t\t\t\t<\/div>\n\t\t\t\t<\/div>\n\t\t\t\t\t<\/div>\n\t\t<\/div>\n\t\t\t\t\t<\/div>\n\t\t<\/section>\n\t\t\t\t<\/div>\n\t\t","protected":false},"excerpt":{"rendered":"<p>EMSBODYFIT, c&rsquo;est la synth\u00e8se entre le meilleur de la technologie EMS et du sport, au service de votre sant\u00e9. Aujourd&rsquo;hui on ne discute plus les bienfaits de\u00a0l&rsquo;\u00e9lectrostimulation\u00a0: athl\u00e8tes de haut niveau, mannequins, acteurs de renomm\u00e9e internationale\u2026 Aujourd\u2019hui on ne discute plus les bienfaits de l\u2019\u00e9lectrostimulation : athl\u00e8tes de haut niveau, mannequins, acteurs de renomm\u00e9e internationale\u2026 Beaucoup ont \u00e9prouv\u00e9 les vertus de cette technique et constat\u00e9 ses remarquables r\u00e9sultats. M\u00eame la m\u00e9decine sportive recommande son usage ; voil\u00e0 pourquoi on assiste ces derni\u00e8res ann\u00e9es au d\u00e9veloppement exponentiel des centres qui proposent cette activit\u00e9. \u00a0 Pourtant, chez EMSBODYFIT nous pensons qu\u2019il manque\u2026<\/p>","protected":false},"author":1,"featured_media":0,"parent":0,"menu_order":0,"comment_status":"closed","ping_status":"closed","template":"","meta":{"om_disable_all_campaigns":false,"_monsterinsights_skip_tracking":false,"_monsterinsights_sitenote_active":false,"_monsterinsights_sitenote_note":"","_monsterinsights_sitenote_category":0,"_joinchat":[]},"blocksy_meta":{"styles_descriptor":{"styles":{"desktop":"","tablet":"","mobile":""},"google_fonts":[],"version":5}},"featured_image_urls":{"full":"","thumbnail":"","medium":"","medium_large":"","large":"","1536x1536":"","2048x2048":"","trp-custom-language-flag":""},"post_excerpt_stackable":"<p>EMSBODYFIT,c&rsquo;est la synth\u00e8se entre le meilleur de la technologie EMS et du sport, au service de votre sant\u00e9. Aujourd&rsquo;hui on ne discute plus les bienfaits de\u00a0l&rsquo;\u00e9lectrostimulation\u00a0: athl\u00e8tes de haut niveau, mannequins, acteurs de renomm\u00e9e internationale\u2026 Aujourd\u2019hui on ne discute plus les bienfaits de l\u2019\u00e9lectrostimulation : athl\u00e8tes de haut niveau, mannequins, acteurs de renomm\u00e9e internationale\u2026 Beaucoup ont \u00e9prouv\u00e9 les vertus de cette technique et constat\u00e9 ses remarquables r\u00e9sultats. M\u00eame la m\u00e9decine sportive recommande son usage ; voil\u00e0 pourquoi on assiste ces derni\u00e8res ann\u00e9es au d\u00e9veloppement exponentiel des centres qui proposent cette activit\u00e9.\u00a0Pourtant, chez EMSBODYFIT nous pensons qu\u2019il manque un \u00e9l\u00e9ment essentiel&hellip;<\/p>\n","category_list":"","author_info":{"name":"emsbodyfit25","url":"https:\/\/emsbodyfit25.com\/en\/author\/emsbodyfit25\/"},"comments_num":"0 comments","_links":{"self":[{"href":"https:\/\/emsbodyfit25.com\/en\/wp-json\/wp\/v2\/pages\/125"}],"collection":[{"href":"https:\/\/emsbodyfit25.com\/en\/wp-json\/wp\/v2\/pages"}],"about":[{"href":"https:\/\/emsbodyfit25.com\/en\/wp-json\/wp\/v2\/types\/page"}],"author":[{"embeddable":true,"href":"https:\/\/emsbodyfit25.com\/en\/wp-json\/wp\/v2\/users\/1"}],"replies":[{"embeddable":true,"href":"https:\/\/emsbodyfit25.com\/en\/wp-json\/wp\/v2\/comments?post=125"}],"version-history":[{"count":62,"href":"https:\/\/emsbodyfit25.com\/en\/wp-json\/wp\/v2\/pages\/125\/revisions"}],"predecessor-version":[{"id":1505,"href":"https:\/\/emsbodyfit25.com\/en\/wp-json\/wp\/v2\/pages\/125\/revisions\/1505"}],"wp:attachment":[{"href":"https:\/\/emsbodyfit25.com\/en\/wp-json\/wp\/v2\/media?parent=125"}],"curies":[{"name":"wp","href":"https:\/\/api.w.org\/{rel}","templated":true}]}}