{"id":129,"date":"2022-07-18T14:13:59","date_gmt":"2022-07-18T12:13:59","guid":{"rendered":"https:\/\/emsbodyfit25.com\/?page_id=129"},"modified":"2025-03-03T18:48:17","modified_gmt":"2025-03-03T17:48:17","slug":"suivi-personnalise","status":"publish","type":"page","link":"https:\/\/emsbodyfit25.com\/en\/suivi-personnalise\/","title":{"rendered":"Personalized follow-up"},"content":{"rendered":"\t\t<div data-elementor-type=\"wp-page\" data-elementor-id=\"129\" class=\"elementor elementor-129\">\n\t\t\t\t\t\t<section class=\"elementor-section elementor-top-section elementor-element elementor-element-252209f elementor-section-boxed elementor-section-height-default elementor-section-height-default\" data-id=\"252209f\" data-element_type=\"section\">\n\t\t\t\t\t\t<div class=\"elementor-container elementor-column-gap-default\">\n\t\t\t\t\t<div class=\"elementor-column elementor-col-100 elementor-top-column elementor-element elementor-element-442ae76\" data-id=\"442ae76\" data-element_type=\"column\">\n\t\t\t<div class=\"elementor-widget-wrap elementor-element-populated\">\n\t\t\t\t\t\t<div class=\"elementor-element elementor-element-e1012ef elementor-widget elementor-widget-heading\" data-id=\"e1012ef\" data-element_type=\"widget\" data-widget_type=\"heading.default\">\n\t\t\t\t<div class=\"elementor-widget-container\">\n\t\t\t<style>\/*! elementor - v3.23.0 - 05-08-2024 *\/\n.elementor-heading-title{padding:0;margin:0;line-height:1}.elementor-widget-heading .elementor-heading-title[class*=elementor-size-]>a{color:inherit;font-size:inherit;line-height:inherit}.elementor-widget-heading .elementor-heading-title.elementor-size-small{font-size:15px}.elementor-widget-heading .elementor-heading-title.elementor-size-medium{font-size:19px}.elementor-widget-heading .elementor-heading-title.elementor-size-large{font-size:29px}.elementor-widget-heading .elementor-heading-title.elementor-size-xl{font-size:39px}.elementor-widget-heading .elementor-heading-title.elementor-size-xxl{font-size:59px}<\/style><h2 class=\"elementor-heading-title elementor-size-default\">Suivi personnalis\u00e9\npar des coachs professionnels certifi\u00e9s.<br><\/h2>\t\t<\/div>\n\t\t\t\t<\/div>\n\t\t\t\t\t<\/div>\n\t\t<\/div>\n\t\t\t\t\t<\/div>\n\t\t<\/section>\n\t\t\t\t<section class=\"elementor-section elementor-top-section elementor-element elementor-element-e74761b elementor-section-boxed elementor-section-height-default elementor-section-height-default\" data-id=\"e74761b\" data-element_type=\"section\">\n\t\t\t\t\t\t<div class=\"elementor-container elementor-column-gap-default\">\n\t\t\t\t\t<div class=\"elementor-column elementor-col-100 elementor-top-column elementor-element elementor-element-9140e32\" data-id=\"9140e32\" data-element_type=\"column\">\n\t\t\t<div class=\"elementor-widget-wrap elementor-element-populated\">\n\t\t\t\t\t\t<div class=\"elementor-element elementor-element-4e9f483 elementor-widget elementor-widget-text-editor\" data-id=\"4e9f483\" data-element_type=\"widget\" data-widget_type=\"text-editor.default\">\n\t\t\t\t<div class=\"elementor-widget-container\">\n\t\t\t<style>\/*! elementor - v3.23.0 - 05-08-2024 *\/\n.elementor-widget-text-editor.elementor-drop-cap-view-stacked .elementor-drop-cap{background-color:#69727d;color:#fff}.elementor-widget-text-editor.elementor-drop-cap-view-framed .elementor-drop-cap{color:#69727d;border:3px solid;background-color:transparent}.elementor-widget-text-editor:not(.elementor-drop-cap-view-default) .elementor-drop-cap{margin-top:8px}.elementor-widget-text-editor:not(.elementor-drop-cap-view-default) .elementor-drop-cap-letter{width:1em;height:1em}.elementor-widget-text-editor .elementor-drop-cap{float:left;text-align:center;line-height:1;font-size:50px}.elementor-widget-text-editor .elementor-drop-cap-letter{display:inline-block}<\/style>\t\t\t\t<p>De votre arriv\u00e9e, et jusqu\u2019\u00e0 votre d\u00e9part, notre \u00e9quipe vous accueille et prend en compte vos besoins et capacit\u00e9s. Fort d\u2019une exp\u00e9rience \u00e9prouv\u00e9e dans le domaine de l\u2019\u00e9lectrostimulation, nos coachs adaptent leur programme \u00e0 votre potentiel, tout en restant en ad\u00e9quation avec vos attentes.<\/p><p><strong>Chez EMSBODYFIT, tous les coachs sont dipl\u00f4m\u00e9s d\u2019\u00e9tat. <\/strong>Passionn\u00e9s, impliqu\u00e9s et dynamiques, ils vous accompagnent tout au long de votre parcours sportif dans un seul but :\u00a0<strong>vous faire progresser en toute s\u00e9curit\u00e9.<\/strong>\u00a0Ils vous livrent leurs conseils techniques sur-mesure, bas\u00e9s sur une connaissance pointue du sport par l\u2019\u00e9lectrostimulation : eux-m\u00eame suivent r\u00e9guli\u00e8rement des formations pour ma\u00eetriser parfaitement cette discipline exigeante, afin de vous offrir une exp\u00e9rience sportive d\u2019une qualit\u00e9 irr\u00e9prochable.<\/p><p>De plus, qui dit suivi personnalis\u00e9 dit bilan : nos coachs sont attentifs \u00e0 votre progression et vous proposent r\u00e9guli\u00e8rement bilans corporels et di\u00e9t\u00e9tiques.<\/p>\t\t\t\t\t\t<\/div>\n\t\t\t\t<\/div>\n\t\t\t\t\t<\/div>\n\t\t<\/div>\n\t\t\t\t\t<\/div>\n\t\t<\/section>\n\t\t\t\t<section class=\"elementor-section elementor-top-section elementor-element elementor-element-5d8551a elementor-section-boxed elementor-section-height-default elementor-section-height-default\" data-id=\"5d8551a\" data-element_type=\"section\">\n\t\t\t\t\t\t<div class=\"elementor-container elementor-column-gap-default\">\n\t\t\t\t\t<div class=\"elementor-column elementor-col-100 elementor-top-column elementor-element elementor-element-d630278\" data-id=\"d630278\" data-element_type=\"column\">\n\t\t\t<div class=\"elementor-widget-wrap elementor-element-populated\">\n\t\t\t\t\t\t<div class=\"elementor-element elementor-element-06078b2 elementor-widget elementor-widget-image\" data-id=\"06078b2\" data-element_type=\"widget\" data-widget_type=\"image.default\">\n\t\t\t\t<div class=\"elementor-widget-container\">\n\t\t\t<style>\/*! elementor - v3.23.0 - 05-08-2024 *\/\n.elementor-widget-image{text-align:center}.elementor-widget-image a{display:inline-block}.elementor-widget-image a img[src$=\".svg\"]{width:48px}.elementor-widget-image img{vertical-align:middle;display:inline-block}<\/style>\t\t\t\t\t\t\t\t\t\t<img fetchpriority=\"high\" width=\"768\" height=\"1024\" src=\"https:\/\/emsbodyfit25.com\/wp-content\/uploads\/2025\/03\/9c9c6474-8d81-478a-94b1-db500557b270-768x1024.jpg\" class=\"attachment-large size-large wp-image-1468\" alt=\"\" srcset=\"https:\/\/emsbodyfit25.com\/wp-content\/uploads\/2025\/03\/9c9c6474-8d81-478a-94b1-db500557b270-768x1024.jpg 768w, https:\/\/emsbodyfit25.com\/wp-content\/uploads\/2025\/03\/9c9c6474-8d81-478a-94b1-db500557b270-225x300.jpg 225w, https:\/\/emsbodyfit25.com\/wp-content\/uploads\/2025\/03\/9c9c6474-8d81-478a-94b1-db500557b270-1152x1536.jpg 1152w, https:\/\/emsbodyfit25.com\/wp-content\/uploads\/2025\/03\/9c9c6474-8d81-478a-94b1-db500557b270-9x12.jpg 9w, https:\/\/emsbodyfit25.com\/wp-content\/uploads\/2025\/03\/9c9c6474-8d81-478a-94b1-db500557b270.jpg 1536w\" sizes=\"(max-width: 768px) 100vw, 768px\" \/>\t\t\t\t\t\t\t\t\t\t\t\t\t<\/div>\n\t\t\t\t<\/div>\n\t\t\t\t\t<\/div>\n\t\t<\/div>\n\t\t\t\t\t<\/div>\n\t\t<\/section>\n\t\t\t\t<section class=\"elementor-section elementor-top-section elementor-element elementor-element-7f1d3bb elementor-section-boxed elementor-section-height-default elementor-section-height-default\" data-id=\"7f1d3bb\" data-element_type=\"section\">\n\t\t\t\t\t\t<div class=\"elementor-container elementor-column-gap-default\">\n\t\t\t\t\t<div class=\"elementor-column elementor-col-100 elementor-top-column elementor-element elementor-element-09af584\" data-id=\"09af584\" data-element_type=\"column\">\n\t\t\t<div class=\"elementor-widget-wrap elementor-element-populated\">\n\t\t\t\t\t\t<div class=\"elementor-element elementor-element-e114884 elementor-widget elementor-widget-image\" data-id=\"e114884\" data-element_type=\"widget\" data-widget_type=\"image.default\">\n\t\t\t\t<div class=\"elementor-widget-container\">\n\t\t\t\t\t\t\t\t\t\t\t\t\t<img width=\"768\" height=\"1024\" src=\"https:\/\/emsbodyfit25.com\/wp-content\/uploads\/2025\/03\/1a4e3626-9f84-4d46-8a9b-62e9bc8719e7-768x1024.jpg\" class=\"attachment-large size-large wp-image-1471\" alt=\"\" srcset=\"https:\/\/emsbodyfit25.com\/wp-content\/uploads\/2025\/03\/1a4e3626-9f84-4d46-8a9b-62e9bc8719e7-768x1024.jpg 768w, https:\/\/emsbodyfit25.com\/wp-content\/uploads\/2025\/03\/1a4e3626-9f84-4d46-8a9b-62e9bc8719e7-225x300.jpg 225w, https:\/\/emsbodyfit25.com\/wp-content\/uploads\/2025\/03\/1a4e3626-9f84-4d46-8a9b-62e9bc8719e7-1152x1536.jpg 1152w, https:\/\/emsbodyfit25.com\/wp-content\/uploads\/2025\/03\/1a4e3626-9f84-4d46-8a9b-62e9bc8719e7-9x12.jpg 9w, https:\/\/emsbodyfit25.com\/wp-content\/uploads\/2025\/03\/1a4e3626-9f84-4d46-8a9b-62e9bc8719e7.jpg 1536w\" sizes=\"(max-width: 768px) 100vw, 768px\" \/>\t\t\t\t\t\t\t\t\t\t\t\t\t<\/div>\n\t\t\t\t<\/div>\n\t\t\t\t\t<\/div>\n\t\t<\/div>\n\t\t\t\t\t<\/div>\n\t\t<\/section>\n\t\t\t\t<\/div>\n\t\t","protected":false},"excerpt":{"rendered":"<p>Suivi personnalis\u00e9 par des coachs professionnels certifi\u00e9s. De votre arriv\u00e9e, et jusqu\u2019\u00e0 votre d\u00e9part, notre \u00e9quipe vous accueille et prend en compte vos besoins et capacit\u00e9s. Fort d\u2019une exp\u00e9rience \u00e9prouv\u00e9e dans le domaine de l\u2019\u00e9lectrostimulation, nos coachs adaptent leur programme \u00e0 votre potentiel, tout en restant en ad\u00e9quation avec vos attentes. Chez EMSBODYFIT, tous les coachs sont dipl\u00f4m\u00e9s d\u2019\u00e9tat. Passionn\u00e9s, impliqu\u00e9s et dynamiques, ils vous accompagnent tout au long de votre parcours sportif dans un seul but :\u00a0vous faire progresser en toute s\u00e9curit\u00e9.\u00a0Ils vous livrent leurs conseils techniques sur-mesure, bas\u00e9s sur une connaissance pointue du sport par l\u2019\u00e9lectrostimulation : eux-m\u00eame\u2026<\/p>","protected":false},"author":1,"featured_media":0,"parent":0,"menu_order":0,"comment_status":"closed","ping_status":"closed","template":"","meta":{"om_disable_all_campaigns":false,"_monsterinsights_skip_tracking":false,"_monsterinsights_sitenote_active":false,"_monsterinsights_sitenote_note":"","_monsterinsights_sitenote_category":0,"_joinchat":[]},"blocksy_meta":{"styles_descriptor":{"styles":{"desktop":"","tablet":"","mobile":""},"google_fonts":[],"version":5}},"featured_image_urls":{"full":"","thumbnail":"","medium":"","medium_large":"","large":"","1536x1536":"","2048x2048":"","trp-custom-language-flag":""},"post_excerpt_stackable":"<p>Suivi personnalis\u00e9 par des coachs professionnels certifi\u00e9s. De votre arriv\u00e9e, et jusqu\u2019\u00e0 votre d\u00e9part, notre \u00e9quipe vous accueille et prend en compte vos besoins et capacit\u00e9s. Fort d\u2019une exp\u00e9rience \u00e9prouv\u00e9e dans le domaine de l\u2019\u00e9lectrostimulation, nos coachs adaptent leur programme \u00e0 votre potentiel, tout en restant en ad\u00e9quation avec vos attentes.Chez EMSBODYFIT, tous les coachs sont dipl\u00f4m\u00e9s d\u2019\u00e9tat. Passionn\u00e9s, impliqu\u00e9s et dynamiques, ils vous accompagnent tout au long de votre parcours sportif dans un seul but :\u00a0vous faire progresser en toute s\u00e9curit\u00e9.\u00a0Ils vous livrent leurs conseils techniques sur-mesure, bas\u00e9s sur une connaissance pointue du sport par l\u2019\u00e9lectrostimulation : eux-m\u00eame suivent&hellip;<\/p>\n","category_list":"","author_info":{"name":"emsbodyfit25","url":"https:\/\/emsbodyfit25.com\/en\/author\/emsbodyfit25\/"},"comments_num":"0 comments","_links":{"self":[{"href":"https:\/\/emsbodyfit25.com\/en\/wp-json\/wp\/v2\/pages\/129"}],"collection":[{"href":"https:\/\/emsbodyfit25.com\/en\/wp-json\/wp\/v2\/pages"}],"about":[{"href":"https:\/\/emsbodyfit25.com\/en\/wp-json\/wp\/v2\/types\/page"}],"author":[{"embeddable":true,"href":"https:\/\/emsbodyfit25.com\/en\/wp-json\/wp\/v2\/users\/1"}],"replies":[{"embeddable":true,"href":"https:\/\/emsbodyfit25.com\/en\/wp-json\/wp\/v2\/comments?post=129"}],"version-history":[{"count":16,"href":"https:\/\/emsbodyfit25.com\/en\/wp-json\/wp\/v2\/pages\/129\/revisions"}],"predecessor-version":[{"id":1493,"href":"https:\/\/emsbodyfit25.com\/en\/wp-json\/wp\/v2\/pages\/129\/revisions\/1493"}],"wp:attachment":[{"href":"https:\/\/emsbodyfit25.com\/en\/wp-json\/wp\/v2\/media?parent=129"}],"curies":[{"name":"wp","href":"https:\/\/api.w.org\/{rel}","templated":true}]}}