{"id":1350,"date":"2022-07-27T09:43:18","date_gmt":"2022-07-27T07:43:18","guid":{"rendered":"https:\/\/emsbodyfit25.com\/?page_id=1350"},"modified":"2022-07-27T09:46:14","modified_gmt":"2022-07-27T07:46:14","slug":"politique-de-confidentialites","status":"publish","type":"page","link":"https:\/\/emsbodyfit25.com\/en\/politique-de-confidentialites\/","title":{"rendered":"Politique de confidentialit\u00e9s"},"content":{"rendered":"<div data-elementor-type=\"wp-page\" data-elementor-id=\"1350\" class=\"elementor elementor-1350\">\n\t\t\t\t\t\t<section class=\"elementor-section elementor-top-section elementor-element elementor-element-2eb4964 elementor-section-boxed elementor-section-height-default elementor-section-height-default\" data-id=\"2eb4964\" data-element_type=\"section\">\n\t\t\t\t\t\t<div class=\"elementor-container elementor-column-gap-default\">\n\t\t\t\t\t<div class=\"elementor-column elementor-col-100 elementor-top-column elementor-element elementor-element-9d3fcb4\" data-id=\"9d3fcb4\" data-element_type=\"column\">\n\t\t\t<div class=\"elementor-widget-wrap elementor-element-populated\">\n\t\t\t\t\t\t<div class=\"elementor-element elementor-element-c3c072e elementor-widget elementor-widget-text-editor\" data-id=\"c3c072e\" data-element_type=\"widget\" data-widget_type=\"text-editor.default\">\n\t\t\t\t<div class=\"elementor-widget-container\">\n\t\t\t<style>\/*! elementor - v3.23.0 - 05-08-2024 *\/\n.elementor-widget-text-editor.elementor-drop-cap-view-stacked .elementor-drop-cap{background-color:#69727d;color:#fff}.elementor-widget-text-editor.elementor-drop-cap-view-framed .elementor-drop-cap{color:#69727d;border:3px solid;background-color:transparent}.elementor-widget-text-editor:not(.elementor-drop-cap-view-default) .elementor-drop-cap{margin-top:8px}.elementor-widget-text-editor:not(.elementor-drop-cap-view-default) .elementor-drop-cap-letter{width:1em;height:1em}.elementor-widget-text-editor .elementor-drop-cap{float:left;text-align:center;line-height:1;font-size:50px}.elementor-widget-text-editor .elementor-drop-cap-letter{display:inline-block}<\/style>\t\t\t\t<p>Les cookies sont de petites quantit\u00e9s d\u2019informations stock\u00e9es dans des fichiers au sein m\u00eame du navigateur de votre ordinateur. Les cookies sont accessibles et enregistr\u00e9s par les sites internet que vous consultez, et par les soci\u00e9t\u00e9s qui affichent leurs annonces publicitaires sur des sites internet, pour qu\u2019ils puissent reconna\u00eetre le navigateur. Les sites Internet peuvent uniquement acc\u00e9der aux cookies qu\u2019ils ont stock\u00e9s sur votre ordinateur.<\/p><p>En utilisant le Site Internet , vous consentez \u00e0 l\u2019utilisation des cookies d\u00e9pos\u00e9s par notre Site.<\/p><p>Le site Internet utilisent des cookies aux fins suivantes :<\/p><ul><li><strong>Usage du site :<\/strong>\u00a0pour nous aider \u00e0 reconna\u00eetre votre navigateur comme celui d\u2019un visiteur pr\u00e9c\u00e9dent et pour enregistrer les pr\u00e9f\u00e9rences que vous avez d\u00e9termin\u00e9es lors de votre pr\u00e9c\u00e9dente visite sur le Site. Par exemple, nous pouvons enregistrer vos informations de connexion de sorte que vous n\u2019ayez pas \u00e0 vous connecter \u00e0 chaque fois que vous visitez le Site ;<\/li><li><strong>R\u00e9seaux sociaux :<\/strong>\u00a0pour v\u00e9rifier si vous \u00eates connect\u00e9s \u00e0 des services tiers (Facebook, Twitter, Google+\u2026) ;<\/li><li><strong>Ciblage :<\/strong>\u00a0pour nous permettre de cibler (emailing, enrichissement de base) \u00e0 post\u00e9riori ou en temps r\u00e9el l\u2019internaute qui navigue sur notre Site ;<\/li><li><strong>Mesure d\u2019audience :\u00a0<\/strong>pour suivre les donn\u00e9es statistiques de fr\u00e9quentation du Site (soit l\u2019utilisation faite du Site par les utilisateurs et pour am\u00e9liorer les services du Site) et pour nous aider \u00e0 mesurer et \u00e9tudier l\u2019efficacit\u00e9 de notre contenu interactif en ligne, de ses caract\u00e9ristiques, publicit\u00e9s et autres communications.<\/li><\/ul><p><strong>Vos Choix Concernant les Cookies et Balises Web<\/strong><\/p><p>Vous avez le choix de configurer votre navigateur pour accepter tous les cookies, rejeter tous les cookies, vous informer quand un cookie est \u00e9mis, sa dur\u00e9e de validit\u00e9 et son contenu, ainsi que vous permettre de refuser son enregistrement dans votre terminal, et supprimer vos cookies p\u00e9riodiquement.<\/p><p>Vous pouvez param\u00e9trer votre navigateur Internet pour d\u00e9sactiver les cookies. Notez toutefois que si vous d\u00e9sactivez les cookies, votre nom d\u2019utilisateur ainsi que votre mot de passe ne seront plus sauvegard\u00e9s sur aucun site web. Pour plus d\u2019informations relatives aux m\u00e9thodes vous permettant de supprimer et de contr\u00f4ler les cookies stock\u00e9s sur votre ordinateur, consultez le site suivant :\u00a0http:\/\/www.allaboutcookies.org\/fr\/<\/p><p><strong>Comment configurer votre navigateur<\/strong><\/p><ul><li><strong>Firefox :<\/strong><ul><li>1. Ouvrez Firefox<\/li><li>2. Appuyez sur la touche \u00ab Alt \u00bb<\/li><li>3. Dans le menu en haut de la page cliquez sur \u00ab Outils \u00bb puis \u00ab Options \u00bb<\/li><li>4. S\u00e9lectionnez l\u2019onglet \u00ab Vie priv\u00e9e \u00bb<\/li><li>5. Dans le menu d\u00e9roulant \u00e0 droite de \u00ab R\u00e8gles de conservation \u00bb, cliquez sur \u00ab utiliser les param\u00e8tres personnalis\u00e9s pour l\u2019historique \u00bb<\/li><li>6. Un peu plus bas, d\u00e9cochez \u00ab Accepter les cookies \u00bb<\/li><li>7. Sauvegardez vos pr\u00e9f\u00e9rences en cliquant sur \u00ab OK \u00bb<\/li><\/ul><\/li><li><strong>Internet Explorer :<\/strong><ul><li>1. Ouvrez Internet Explorer<\/li><li>2. Dans le menu \u00ab Outils \u00bb, s\u00e9lectionnez \u00ab Options Internet \u00bb<\/li><li>3. Cliquez sur l\u2019onglet \u00ab Confidentialit\u00e9 \u00bb<\/li><li>4. Cliquez sur \u00ab Avanc\u00e9 \u00bb et d\u00e9cochez \u00ab Accepter \u00bb<\/li><li>5. Sauvegardez vos pr\u00e9f\u00e9rences en cliquant sur \u00ab OK \u00bb<\/li><\/ul><\/li><li><strong>Google Chrome :<\/strong><ul><li>1. Ouvrez Google Chrome<\/li><li>2. Cliquez sur l\u2019ic\u00f4ne d\u2019outils dans la barre de menu<\/li><li>3. S\u00e9lectionnez \u00ab Options \u00bb<\/li><li>4. Cliquez sur l\u2019onglet \u00ab Options avanc\u00e9es \u00bb<\/li><li>5. Dans le menu d\u00e9roulant \u00ab Param\u00e8tres des cookies \u00bb, s\u00e9lectionnez \u00ab Bloquer tous les cookies \u00bb<\/li><\/ul><\/li><li><strong>Safari :<\/strong><ul><li>1. Ouvrez Safari<\/li><li>2. Dans la barre de menu en haut, cliquez sur \u00ab Safari \u00bb, puis \u00ab Pr\u00e9f\u00e9rences \u00bb<\/li><li>3. S\u00e9lectionnez l\u2019ic\u00f4ne \u00ab S\u00e9curit\u00e9 \u00bb<\/li><li>4. \u00c0 c\u00f4t\u00e9 de \u00ab Accepter les cookies \u00bb, cochez \u00ab Jamais \u00bb<\/li><li>5. Si vous souhaitez voir les cookies qui sont d\u00e9j\u00e0 sauvegard\u00e9s sur votre ordinateur, cliquez sur \u00ab Afficher les cookies \u00bb<\/li><\/ul><\/li><\/ul>\t\t\t\t\t\t<\/div>\n\t\t\t\t<\/div>\n\t\t\t\t\t<\/div>\n\t\t<\/div>\n\t\t\t\t\t<\/div>\n\t\t<\/section>\n\t\t\t\t<\/div>","protected":false},"excerpt":{"rendered":"<p>Les cookies sont de petites quantit\u00e9s d\u2019informations stock\u00e9es dans des fichiers au sein m\u00eame du navigateur de votre ordinateur. Les cookies sont accessibles et enregistr\u00e9s par les sites internet que vous consultez, et par les soci\u00e9t\u00e9s qui affichent leurs annonces publicitaires sur des sites internet, pour qu\u2019ils puissent reconna\u00eetre le navigateur. Les sites Internet peuvent uniquement acc\u00e9der aux cookies qu\u2019ils ont stock\u00e9s sur votre ordinateur. En utilisant le Site Internet , vous consentez \u00e0 l\u2019utilisation des cookies d\u00e9pos\u00e9s par notre Site. Le site Internet utilisent des cookies aux fins suivantes : Usage du site :\u00a0pour nous aider \u00e0 reconna\u00eetre votre\u2026<\/p>","protected":false},"author":1,"featured_media":0,"parent":0,"menu_order":0,"comment_status":"closed","ping_status":"closed","template":"","meta":{"om_disable_all_campaigns":false,"_monsterinsights_skip_tracking":false,"_monsterinsights_sitenote_active":false,"_monsterinsights_sitenote_note":"","_monsterinsights_sitenote_category":0,"_joinchat":[]},"blocksy_meta":{"styles_descriptor":{"styles":{"desktop":"","tablet":"","mobile":""},"google_fonts":[],"version":5}},"featured_image_urls":{"full":"","thumbnail":"","medium":"","medium_large":"","large":"","1536x1536":"","2048x2048":"","trp-custom-language-flag":""},"post_excerpt_stackable":"<p>Les cookies sont de petites quantit\u00e9s d\u2019informations stock\u00e9es dans des fichiers au sein m\u00eame du navigateur de votre ordinateur. Les cookies sont accessibles et enregistr\u00e9s par les sites internet que vous consultez, et par les soci\u00e9t\u00e9s qui affichent leurs annonces publicitaires sur des sites internet, pour qu\u2019ils puissent reconna\u00eetre le navigateur. Les sites Internet peuvent uniquement acc\u00e9der aux cookies qu\u2019ils ont stock\u00e9s sur votre ordinateur.En utilisant le Site Internet , vous consentez \u00e0 l\u2019utilisation des cookies d\u00e9pos\u00e9s par notre Site.Le site Internet utilisent des cookies aux fins suivantes :Usage du site :\u00a0pour nous aider \u00e0 reconna\u00eetre votre navigateur comme celui&hellip;<\/p>\n","category_list":"","author_info":{"name":"emsbodyfit25","url":"https:\/\/emsbodyfit25.com\/en\/author\/emsbodyfit25\/"},"comments_num":"0 comments","_links":{"self":[{"href":"https:\/\/emsbodyfit25.com\/en\/wp-json\/wp\/v2\/pages\/1350"}],"collection":[{"href":"https:\/\/emsbodyfit25.com\/en\/wp-json\/wp\/v2\/pages"}],"about":[{"href":"https:\/\/emsbodyfit25.com\/en\/wp-json\/wp\/v2\/types\/page"}],"author":[{"embeddable":true,"href":"https:\/\/emsbodyfit25.com\/en\/wp-json\/wp\/v2\/users\/1"}],"replies":[{"embeddable":true,"href":"https:\/\/emsbodyfit25.com\/en\/wp-json\/wp\/v2\/comments?post=1350"}],"version-history":[{"count":7,"href":"https:\/\/emsbodyfit25.com\/en\/wp-json\/wp\/v2\/pages\/1350\/revisions"}],"predecessor-version":[{"id":1359,"href":"https:\/\/emsbodyfit25.com\/en\/wp-json\/wp\/v2\/pages\/1350\/revisions\/1359"}],"wp:attachment":[{"href":"https:\/\/emsbodyfit25.com\/en\/wp-json\/wp\/v2\/media?parent=1350"}],"curies":[{"name":"wp","href":"https:\/\/api.w.org\/{rel}","templated":true}]}}