{"id":1368,"date":"2022-08-24T16:52:25","date_gmt":"2022-08-24T14:52:25","guid":{"rendered":"https:\/\/emsbodyfit25.com\/?page_id=1368"},"modified":"2022-10-19T16:19:04","modified_gmt":"2022-10-19T14:19:04","slug":"visiter-notre-installation","status":"publish","type":"page","link":"https:\/\/emsbodyfit25.com\/en\/visiter-notre-installation\/","title":{"rendered":"Visit our infrastructure"},"content":{"rendered":"\t\t<div data-elementor-type=\"wp-page\" data-elementor-id=\"1368\" class=\"elementor elementor-1368\">\n\t\t\t\t\t\t<section class=\"elementor-section elementor-top-section elementor-element elementor-element-553c8cd elementor-section-boxed elementor-section-height-default elementor-section-height-default\" data-id=\"553c8cd\" data-element_type=\"section\">\n\t\t\t\t\t\t<div class=\"elementor-container elementor-column-gap-default\">\n\t\t\t\t\t<div class=\"elementor-column elementor-col-100 elementor-top-column elementor-element elementor-element-aec9953\" data-id=\"aec9953\" data-element_type=\"column\">\n\t\t\t<div class=\"elementor-widget-wrap\">\n\t\t\t\t\t\t\t<\/div>\n\t\t<\/div>\n\t\t\t\t\t<\/div>\n\t\t<\/section>\n\t\t\t\t<section class=\"elementor-section elementor-top-section elementor-element elementor-element-760dd11 elementor-section-boxed elementor-section-height-default elementor-section-height-default\" data-id=\"760dd11\" data-element_type=\"section\">\n\t\t\t\t\t\t<div class=\"elementor-container elementor-column-gap-default\">\n\t\t\t\t\t<div class=\"elementor-column elementor-col-33 elementor-top-column elementor-element elementor-element-0513e9b\" data-id=\"0513e9b\" data-element_type=\"column\">\n\t\t\t<div class=\"elementor-widget-wrap\">\n\t\t\t\t\t\t\t<\/div>\n\t\t<\/div>\n\t\t\t\t<div class=\"elementor-column elementor-col-66 elementor-top-column elementor-element elementor-element-dcaf835\" data-id=\"dcaf835\" data-element_type=\"column\">\n\t\t\t<div class=\"elementor-widget-wrap\">\n\t\t\t\t\t\t\t<\/div>\n\t\t<\/div>\n\t\t\t\t\t<\/div>\n\t\t<\/section>\n\t\t\t\t<section class=\"elementor-section elementor-top-section elementor-element elementor-element-98e7b68 elementor-section-boxed elementor-section-height-default elementor-section-height-default\" data-id=\"98e7b68\" data-element_type=\"section\">\n\t\t\t\t\t\t<div class=\"elementor-container elementor-column-gap-default\">\n\t\t\t\t\t<div class=\"elementor-column elementor-col-33 elementor-top-column elementor-element elementor-element-4049e40\" data-id=\"4049e40\" data-element_type=\"column\">\n\t\t\t<div class=\"elementor-widget-wrap elementor-element-populated\">\n\t\t\t\t\t\t<div class=\"elementor-element elementor-element-558b610 elementor-widget elementor-widget-heading\" data-id=\"558b610\" data-element_type=\"widget\" data-widget_type=\"heading.default\">\n\t\t\t\t<div class=\"elementor-widget-container\">\n\t\t\t<style>\/*! elementor - v3.23.0 - 05-08-2024 *\/\n.elementor-heading-title{padding:0;margin:0;line-height:1}.elementor-widget-heading .elementor-heading-title[class*=elementor-size-]>a{color:inherit;font-size:inherit;line-height:inherit}.elementor-widget-heading .elementor-heading-title.elementor-size-small{font-size:15px}.elementor-widget-heading .elementor-heading-title.elementor-size-medium{font-size:19px}.elementor-widget-heading .elementor-heading-title.elementor-size-large{font-size:29px}.elementor-widget-heading .elementor-heading-title.elementor-size-xl{font-size:39px}.elementor-widget-heading .elementor-heading-title.elementor-size-xxl{font-size:59px}<\/style><h2 class=\"elementor-heading-title elementor-size-default\"><br><br><br><br><br>Bienvenue chez EMSBODYFIT Carpentras<\/h2>\t\t<\/div>\n\t\t\t\t<\/div>\n\t\t\t\t\t<\/div>\n\t\t<\/div>\n\t\t\t\t<div class=\"elementor-column elementor-col-66 elementor-top-column elementor-element elementor-element-e59ab27\" data-id=\"e59ab27\" data-element_type=\"column\">\n\t\t\t<div class=\"elementor-widget-wrap elementor-element-populated\">\n\t\t\t\t\t\t<div class=\"elementor-element elementor-element-5535ded elementor-widget elementor-widget-image\" data-id=\"5535ded\" data-element_type=\"widget\" data-widget_type=\"image.default\">\n\t\t\t\t<div class=\"elementor-widget-container\">\n\t\t\t<style>\/*! elementor - v3.23.0 - 05-08-2024 *\/\n.elementor-widget-image{text-align:center}.elementor-widget-image a{display:inline-block}.elementor-widget-image a img[src$=\".svg\"]{width:48px}.elementor-widget-image img{vertical-align:middle;display:inline-block}<\/style>\t\t\t\t\t\t\t\t\t\t<img fetchpriority=\"high\" width=\"1024\" height=\"683\" src=\"https:\/\/emsbodyfit25.com\/wp-content\/uploads\/2022\/08\/photo-emsbodyfit-1024x683.jpg\" class=\"attachment-large size-large wp-image-1385\" alt=\"\" srcset=\"https:\/\/emsbodyfit25.com\/wp-content\/uploads\/2022\/08\/photo-emsbodyfit-1024x683.jpg 1024w, https:\/\/emsbodyfit25.com\/wp-content\/uploads\/2022\/08\/photo-emsbodyfit-300x200.jpg 300w, https:\/\/emsbodyfit25.com\/wp-content\/uploads\/2022\/08\/photo-emsbodyfit-768x512.jpg 768w, https:\/\/emsbodyfit25.com\/wp-content\/uploads\/2022\/08\/photo-emsbodyfit-1536x1024.jpg 1536w, https:\/\/emsbodyfit25.com\/wp-content\/uploads\/2022\/08\/photo-emsbodyfit-2048x1365.jpg 2048w, https:\/\/emsbodyfit25.com\/wp-content\/uploads\/2022\/08\/photo-emsbodyfit-18x12.jpg 18w\" sizes=\"(max-width: 1024px) 100vw, 1024px\" \/>\t\t\t\t\t\t\t\t\t\t\t\t\t<\/div>\n\t\t\t\t<\/div>\n\t\t\t\t\t<\/div>\n\t\t<\/div>\n\t\t\t\t\t<\/div>\n\t\t<\/section>\n\t\t\t\t<section class=\"elementor-section elementor-top-section elementor-element elementor-element-6761096 elementor-section-boxed elementor-section-height-default elementor-section-height-default\" data-id=\"6761096\" data-element_type=\"section\">\n\t\t\t\t\t\t<div class=\"elementor-container elementor-column-gap-default\">\n\t\t\t\t\t<div class=\"elementor-column elementor-col-66 elementor-top-column elementor-element elementor-element-0523192\" data-id=\"0523192\" data-element_type=\"column\">\n\t\t\t<div class=\"elementor-widget-wrap elementor-element-populated\">\n\t\t\t\t\t\t<div class=\"elementor-element elementor-element-915f92b elementor-widget elementor-widget-image\" data-id=\"915f92b\" data-element_type=\"widget\" data-widget_type=\"image.default\">\n\t\t\t\t<div class=\"elementor-widget-container\">\n\t\t\t\t\t\t\t\t\t\t\t\t\t<img width=\"1024\" height=\"683\" src=\"https:\/\/emsbodyfit25.com\/wp-content\/uploads\/2022\/08\/photo-emsbodyfit-12-1-1024x683.jpg\" class=\"attachment-large size-large wp-image-1397\" alt=\"\" srcset=\"https:\/\/emsbodyfit25.com\/wp-content\/uploads\/2022\/08\/photo-emsbodyfit-12-1-1024x683.jpg 1024w, https:\/\/emsbodyfit25.com\/wp-content\/uploads\/2022\/08\/photo-emsbodyfit-12-1-300x200.jpg 300w, https:\/\/emsbodyfit25.com\/wp-content\/uploads\/2022\/08\/photo-emsbodyfit-12-1-768x512.jpg 768w, https:\/\/emsbodyfit25.com\/wp-content\/uploads\/2022\/08\/photo-emsbodyfit-12-1-1536x1024.jpg 1536w, https:\/\/emsbodyfit25.com\/wp-content\/uploads\/2022\/08\/photo-emsbodyfit-12-1-2048x1365.jpg 2048w, https:\/\/emsbodyfit25.com\/wp-content\/uploads\/2022\/08\/photo-emsbodyfit-12-1-18x12.jpg 18w\" sizes=\"(max-width: 1024px) 100vw, 1024px\" \/>\t\t\t\t\t\t\t\t\t\t\t\t\t<\/div>\n\t\t\t\t<\/div>\n\t\t\t\t\t<\/div>\n\t\t<\/div>\n\t\t\t\t<div class=\"elementor-column elementor-col-33 elementor-top-column elementor-element elementor-element-16693ce\" data-id=\"16693ce\" data-element_type=\"column\">\n\t\t\t<div class=\"elementor-widget-wrap elementor-element-populated\">\n\t\t\t\t\t\t<div class=\"elementor-element elementor-element-5559f1e elementor-widget elementor-widget-heading\" data-id=\"5559f1e\" data-element_type=\"widget\" data-widget_type=\"heading.default\">\n\t\t\t\t<div class=\"elementor-widget-container\">\n\t\t\t<h2 class=\"elementor-heading-title elementor-size-default\"><br><br><br><br><br><br>Loan et Florent vos coachs sportif \u00e0 votre \u00e9coute.<\/h2>\t\t<\/div>\n\t\t\t\t<\/div>\n\t\t\t\t\t<\/div>\n\t\t<\/div>\n\t\t\t\t\t<\/div>\n\t\t<\/section>\n\t\t\t\t<section class=\"elementor-section elementor-top-section elementor-element elementor-element-c49f546 elementor-section-boxed elementor-section-height-default elementor-section-height-default\" data-id=\"c49f546\" data-element_type=\"section\">\n\t\t\t\t\t\t<div class=\"elementor-container elementor-column-gap-default\">\n\t\t\t\t\t<div class=\"elementor-column elementor-col-100 elementor-top-column elementor-element elementor-element-77d0193\" data-id=\"77d0193\" data-element_type=\"column\">\n\t\t\t<div class=\"elementor-widget-wrap elementor-element-populated\">\n\t\t\t\t\t\t<div class=\"elementor-element elementor-element-9385e60 elementor-widget elementor-widget-heading\" data-id=\"9385e60\" data-element_type=\"widget\" data-widget_type=\"heading.default\">\n\t\t\t\t<div class=\"elementor-widget-container\">\n\t\t\t<h2 class=\"elementor-heading-title elementor-size-default\">Nos \u00e9quipements et notre infrastructure <\/h2>\t\t<\/div>\n\t\t\t\t<\/div>\n\t\t\t\t\t<\/div>\n\t\t<\/div>\n\t\t\t\t\t<\/div>\n\t\t<\/section>\n\t\t\t\t<section class=\"elementor-section elementor-top-section elementor-element elementor-element-3c809d4 elementor-section-boxed elementor-section-height-default elementor-section-height-default\" data-id=\"3c809d4\" data-element_type=\"section\">\n\t\t\t\t\t\t<div class=\"elementor-container elementor-column-gap-default\">\n\t\t\t\t\t<div class=\"elementor-column elementor-col-50 elementor-top-column elementor-element elementor-element-d865229\" data-id=\"d865229\" data-element_type=\"column\">\n\t\t\t<div class=\"elementor-widget-wrap elementor-element-populated\">\n\t\t\t\t\t\t<div class=\"elementor-element elementor-element-7abf486 elementor-widget elementor-widget-image\" data-id=\"7abf486\" data-element_type=\"widget\" data-widget_type=\"image.default\">\n\t\t\t\t<div class=\"elementor-widget-container\">\n\t\t\t\t\t\t\t\t\t\t\t\t\t<img width=\"1024\" height=\"683\" src=\"https:\/\/emsbodyfit25.com\/wp-content\/uploads\/2022\/08\/photo-emsbodyfit-3-1024x683.jpg\" class=\"attachment-large size-large wp-image-1387\" alt=\"\" srcset=\"https:\/\/emsbodyfit25.com\/wp-content\/uploads\/2022\/08\/photo-emsbodyfit-3-1024x683.jpg 1024w, https:\/\/emsbodyfit25.com\/wp-content\/uploads\/2022\/08\/photo-emsbodyfit-3-300x200.jpg 300w, https:\/\/emsbodyfit25.com\/wp-content\/uploads\/2022\/08\/photo-emsbodyfit-3-768x512.jpg 768w, https:\/\/emsbodyfit25.com\/wp-content\/uploads\/2022\/08\/photo-emsbodyfit-3-1536x1024.jpg 1536w, https:\/\/emsbodyfit25.com\/wp-content\/uploads\/2022\/08\/photo-emsbodyfit-3-2048x1365.jpg 2048w, https:\/\/emsbodyfit25.com\/wp-content\/uploads\/2022\/08\/photo-emsbodyfit-3-18x12.jpg 18w\" sizes=\"(max-width: 1024px) 100vw, 1024px\" \/>\t\t\t\t\t\t\t\t\t\t\t\t\t<\/div>\n\t\t\t\t<\/div>\n\t\t\t\t\t<\/div>\n\t\t<\/div>\n\t\t\t\t<div class=\"elementor-column elementor-col-50 elementor-top-column elementor-element elementor-element-2d26159\" data-id=\"2d26159\" data-element_type=\"column\">\n\t\t\t<div class=\"elementor-widget-wrap elementor-element-populated\">\n\t\t\t\t\t\t<div class=\"elementor-element elementor-element-4af888a elementor-widget elementor-widget-image\" data-id=\"4af888a\" data-element_type=\"widget\" data-widget_type=\"image.default\">\n\t\t\t\t<div class=\"elementor-widget-container\">\n\t\t\t\t\t\t\t\t\t\t\t\t\t<img loading=\"lazy\" width=\"1024\" height=\"683\" src=\"https:\/\/emsbodyfit25.com\/wp-content\/uploads\/2022\/08\/photo-emsbodyfit-8-1024x683.jpg\" class=\"attachment-large size-large wp-image-1392\" alt=\"\" srcset=\"https:\/\/emsbodyfit25.com\/wp-content\/uploads\/2022\/08\/photo-emsbodyfit-8-1024x683.jpg 1024w, https:\/\/emsbodyfit25.com\/wp-content\/uploads\/2022\/08\/photo-emsbodyfit-8-300x200.jpg 300w, https:\/\/emsbodyfit25.com\/wp-content\/uploads\/2022\/08\/photo-emsbodyfit-8-768x512.jpg 768w, https:\/\/emsbodyfit25.com\/wp-content\/uploads\/2022\/08\/photo-emsbodyfit-8-1536x1024.jpg 1536w, https:\/\/emsbodyfit25.com\/wp-content\/uploads\/2022\/08\/photo-emsbodyfit-8-2048x1365.jpg 2048w, https:\/\/emsbodyfit25.com\/wp-content\/uploads\/2022\/08\/photo-emsbodyfit-8-18x12.jpg 18w\" sizes=\"(max-width: 1024px) 100vw, 1024px\" \/>\t\t\t\t\t\t\t\t\t\t\t\t\t<\/div>\n\t\t\t\t<\/div>\n\t\t\t\t\t<\/div>\n\t\t<\/div>\n\t\t\t\t\t<\/div>\n\t\t<\/section>\n\t\t\t\t<section class=\"elementor-section elementor-top-section elementor-element elementor-element-d027fbe elementor-section-boxed elementor-section-height-default elementor-section-height-default\" data-id=\"d027fbe\" data-element_type=\"section\">\n\t\t\t\t\t\t<div class=\"elementor-container elementor-column-gap-default\">\n\t\t\t\t\t<div class=\"elementor-column elementor-col-50 elementor-top-column elementor-element elementor-element-c56b03b\" data-id=\"c56b03b\" data-element_type=\"column\">\n\t\t\t<div class=\"elementor-widget-wrap elementor-element-populated\">\n\t\t\t\t\t\t<div class=\"elementor-element elementor-element-1ef1f43 elementor-widget elementor-widget-image\" data-id=\"1ef1f43\" data-element_type=\"widget\" data-widget_type=\"image.default\">\n\t\t\t\t<div class=\"elementor-widget-container\">\n\t\t\t\t\t\t\t\t\t\t\t\t\t<img loading=\"lazy\" width=\"1024\" height=\"683\" src=\"https:\/\/emsbodyfit25.com\/wp-content\/uploads\/2022\/08\/photo-emsbodyfit-11-1024x683.jpg\" class=\"attachment-large size-large wp-image-1395\" alt=\"\" srcset=\"https:\/\/emsbodyfit25.com\/wp-content\/uploads\/2022\/08\/photo-emsbodyfit-11-1024x683.jpg 1024w, https:\/\/emsbodyfit25.com\/wp-content\/uploads\/2022\/08\/photo-emsbodyfit-11-300x200.jpg 300w, https:\/\/emsbodyfit25.com\/wp-content\/uploads\/2022\/08\/photo-emsbodyfit-11-768x512.jpg 768w, https:\/\/emsbodyfit25.com\/wp-content\/uploads\/2022\/08\/photo-emsbodyfit-11-1536x1024.jpg 1536w, https:\/\/emsbodyfit25.com\/wp-content\/uploads\/2022\/08\/photo-emsbodyfit-11-2048x1365.jpg 2048w, https:\/\/emsbodyfit25.com\/wp-content\/uploads\/2022\/08\/photo-emsbodyfit-11-18x12.jpg 18w\" sizes=\"(max-width: 1024px) 100vw, 1024px\" \/>\t\t\t\t\t\t\t\t\t\t\t\t\t<\/div>\n\t\t\t\t<\/div>\n\t\t\t\t\t<\/div>\n\t\t<\/div>\n\t\t\t\t<div class=\"elementor-column elementor-col-50 elementor-top-column elementor-element elementor-element-5bffe49\" data-id=\"5bffe49\" data-element_type=\"column\">\n\t\t\t<div class=\"elementor-widget-wrap elementor-element-populated\">\n\t\t\t\t\t\t<div class=\"elementor-element elementor-element-5e9e03c elementor-widget elementor-widget-image\" data-id=\"5e9e03c\" data-element_type=\"widget\" data-widget_type=\"image.default\">\n\t\t\t\t<div class=\"elementor-widget-container\">\n\t\t\t\t\t\t\t\t\t\t\t\t\t<img loading=\"lazy\" width=\"1024\" height=\"683\" src=\"https:\/\/emsbodyfit25.com\/wp-content\/uploads\/2022\/08\/photo-emsbodyfit-2-1024x683.jpg\" class=\"attachment-large size-large wp-image-1386\" alt=\"\" srcset=\"https:\/\/emsbodyfit25.com\/wp-content\/uploads\/2022\/08\/photo-emsbodyfit-2-1024x683.jpg 1024w, https:\/\/emsbodyfit25.com\/wp-content\/uploads\/2022\/08\/photo-emsbodyfit-2-300x200.jpg 300w, https:\/\/emsbodyfit25.com\/wp-content\/uploads\/2022\/08\/photo-emsbodyfit-2-768x512.jpg 768w, https:\/\/emsbodyfit25.com\/wp-content\/uploads\/2022\/08\/photo-emsbodyfit-2-1536x1024.jpg 1536w, https:\/\/emsbodyfit25.com\/wp-content\/uploads\/2022\/08\/photo-emsbodyfit-2-2048x1365.jpg 2048w, https:\/\/emsbodyfit25.com\/wp-content\/uploads\/2022\/08\/photo-emsbodyfit-2-18x12.jpg 18w\" sizes=\"(max-width: 1024px) 100vw, 1024px\" \/>\t\t\t\t\t\t\t\t\t\t\t\t\t<\/div>\n\t\t\t\t<\/div>\n\t\t\t\t\t<\/div>\n\t\t<\/div>\n\t\t\t\t\t<\/div>\n\t\t<\/section>\n\t\t\t\t<section class=\"elementor-section elementor-top-section elementor-element elementor-element-4aa933d elementor-section-boxed elementor-section-height-default elementor-section-height-default\" data-id=\"4aa933d\" data-element_type=\"section\">\n\t\t\t\t\t\t<div class=\"elementor-container elementor-column-gap-default\">\n\t\t\t\t\t<div class=\"elementor-column elementor-col-33 elementor-top-column elementor-element elementor-element-1791131\" data-id=\"1791131\" data-element_type=\"column\">\n\t\t\t<div class=\"elementor-widget-wrap elementor-element-populated\">\n\t\t\t\t\t\t<div class=\"elementor-element elementor-element-c354617 elementor-widget elementor-widget-heading\" data-id=\"c354617\" data-element_type=\"widget\" data-widget_type=\"heading.default\">\n\t\t\t\t<div class=\"elementor-widget-container\">\n\t\t\t<h2 class=\"elementor-heading-title elementor-size-default\"><br><br><br><br><br>Des compl\u00e9ments alimentaire soigneusement s\u00e9lectionn\u00e9s<br><br><\/h2>\t\t<\/div>\n\t\t\t\t<\/div>\n\t\t\t\t\t<\/div>\n\t\t<\/div>\n\t\t\t\t<div class=\"elementor-column elementor-col-66 elementor-top-column elementor-element elementor-element-217292f\" data-id=\"217292f\" data-element_type=\"column\">\n\t\t\t<div class=\"elementor-widget-wrap elementor-element-populated\">\n\t\t\t\t\t\t<div class=\"elementor-element elementor-element-78d64cf elementor-widget elementor-widget-image\" data-id=\"78d64cf\" data-element_type=\"widget\" data-widget_type=\"image.default\">\n\t\t\t\t<div class=\"elementor-widget-container\">\n\t\t\t\t\t\t\t\t\t\t\t\t\t<img loading=\"lazy\" width=\"1024\" height=\"683\" src=\"https:\/\/emsbodyfit25.com\/wp-content\/uploads\/2022\/08\/media-78102952-008-1024x683.jpg\" class=\"attachment-large size-large wp-image-1380\" alt=\"\" srcset=\"https:\/\/emsbodyfit25.com\/wp-content\/uploads\/2022\/08\/media-78102952-008-1024x683.jpg 1024w, https:\/\/emsbodyfit25.com\/wp-content\/uploads\/2022\/08\/media-78102952-008-300x200.jpg 300w, https:\/\/emsbodyfit25.com\/wp-content\/uploads\/2022\/08\/media-78102952-008-768x512.jpg 768w, https:\/\/emsbodyfit25.com\/wp-content\/uploads\/2022\/08\/media-78102952-008-1536x1024.jpg 1536w, https:\/\/emsbodyfit25.com\/wp-content\/uploads\/2022\/08\/media-78102952-008-2048x1365.jpg 2048w, https:\/\/emsbodyfit25.com\/wp-content\/uploads\/2022\/08\/media-78102952-008-18x12.jpg 18w\" sizes=\"(max-width: 1024px) 100vw, 1024px\" \/>\t\t\t\t\t\t\t\t\t\t\t\t\t<\/div>\n\t\t\t\t<\/div>\n\t\t\t\t\t<\/div>\n\t\t<\/div>\n\t\t\t\t\t<\/div>\n\t\t<\/section>\n\t\t\t\t<section class=\"elementor-section elementor-top-section elementor-element elementor-element-7a7ab41 elementor-section-boxed elementor-section-height-default elementor-section-height-default\" data-id=\"7a7ab41\" data-element_type=\"section\">\n\t\t\t\t\t\t<div class=\"elementor-container elementor-column-gap-default\">\n\t\t\t\t\t<div class=\"elementor-column elementor-col-100 elementor-top-column elementor-element elementor-element-3f07f44\" data-id=\"3f07f44\" data-element_type=\"column\">\n\t\t\t<div class=\"elementor-widget-wrap elementor-element-populated\">\n\t\t\t\t\t\t<div class=\"elementor-element elementor-element-419b564 elementor-widget elementor-widget-image\" data-id=\"419b564\" data-element_type=\"widget\" data-widget_type=\"image.default\">\n\t\t\t\t<div class=\"elementor-widget-container\">\n\t\t\t\t\t\t\t\t\t\t\t\t\t<img loading=\"lazy\" width=\"1024\" height=\"683\" src=\"https:\/\/emsbodyfit25.com\/wp-content\/uploads\/2022\/08\/photo-emsbodyfit-10-1024x683.jpg\" class=\"attachment-large size-large wp-image-1394\" alt=\"\" srcset=\"https:\/\/emsbodyfit25.com\/wp-content\/uploads\/2022\/08\/photo-emsbodyfit-10-1024x683.jpg 1024w, https:\/\/emsbodyfit25.com\/wp-content\/uploads\/2022\/08\/photo-emsbodyfit-10-300x200.jpg 300w, https:\/\/emsbodyfit25.com\/wp-content\/uploads\/2022\/08\/photo-emsbodyfit-10-768x512.jpg 768w, https:\/\/emsbodyfit25.com\/wp-content\/uploads\/2022\/08\/photo-emsbodyfit-10-1536x1024.jpg 1536w, https:\/\/emsbodyfit25.com\/wp-content\/uploads\/2022\/08\/photo-emsbodyfit-10-2048x1365.jpg 2048w, https:\/\/emsbodyfit25.com\/wp-content\/uploads\/2022\/08\/photo-emsbodyfit-10-18x12.jpg 18w\" sizes=\"(max-width: 1024px) 100vw, 1024px\" \/>\t\t\t\t\t\t\t\t\t\t\t\t\t<\/div>\n\t\t\t\t<\/div>\n\t\t\t\t\t<\/div>\n\t\t<\/div>\n\t\t\t\t\t<\/div>\n\t\t<\/section>\n\t\t\t\t<section class=\"elementor-section elementor-top-section elementor-element elementor-element-a173aee elementor-section-boxed elementor-section-height-default elementor-section-height-default\" data-id=\"a173aee\" data-element_type=\"section\">\n\t\t\t\t\t\t<div class=\"elementor-container elementor-column-gap-default\">\n\t\t\t\t\t<div class=\"elementor-column elementor-col-100 elementor-top-column elementor-element elementor-element-6f5a359\" data-id=\"6f5a359\" data-element_type=\"column\">\n\t\t\t<div class=\"elementor-widget-wrap elementor-element-populated\">\n\t\t\t\t\t\t<div class=\"elementor-element elementor-element-db8f139 elementor-widget elementor-widget-heading\" data-id=\"db8f139\" data-element_type=\"widget\" data-widget_type=\"heading.default\">\n\t\t\t\t<div class=\"elementor-widget-container\">\n\t\t\t<h2 class=\"elementor-heading-title elementor-size-default\">La Salle <\/h2>\t\t<\/div>\n\t\t\t\t<\/div>\n\t\t\t\t\t<\/div>\n\t\t<\/div>\n\t\t\t\t\t<\/div>\n\t\t<\/section>\n\t\t\t\t<section class=\"elementor-section elementor-top-section elementor-element elementor-element-1b8a4d7 elementor-section-boxed elementor-section-height-default elementor-section-height-default\" data-id=\"1b8a4d7\" data-element_type=\"section\">\n\t\t\t\t\t\t<div class=\"elementor-container elementor-column-gap-default\">\n\t\t\t\t\t<div class=\"elementor-column elementor-col-100 elementor-top-column elementor-element elementor-element-8b8e6e9\" data-id=\"8b8e6e9\" data-element_type=\"column\">\n\t\t\t<div class=\"elementor-widget-wrap elementor-element-populated\">\n\t\t\t\t\t\t<div class=\"elementor-element elementor-element-08f15d2 elementor-widget elementor-widget-image\" data-id=\"08f15d2\" data-element_type=\"widget\" data-widget_type=\"image.default\">\n\t\t\t\t<div class=\"elementor-widget-container\">\n\t\t\t\t\t\t\t\t\t\t\t\t\t<img loading=\"lazy\" width=\"1024\" height=\"683\" src=\"https:\/\/emsbodyfit25.com\/wp-content\/uploads\/2022\/08\/photo-emsbodyfit-5-1024x683.jpg\" class=\"attachment-large size-large wp-image-1389\" alt=\"\" srcset=\"https:\/\/emsbodyfit25.com\/wp-content\/uploads\/2022\/08\/photo-emsbodyfit-5-1024x683.jpg 1024w, https:\/\/emsbodyfit25.com\/wp-content\/uploads\/2022\/08\/photo-emsbodyfit-5-300x200.jpg 300w, https:\/\/emsbodyfit25.com\/wp-content\/uploads\/2022\/08\/photo-emsbodyfit-5-768x512.jpg 768w, https:\/\/emsbodyfit25.com\/wp-content\/uploads\/2022\/08\/photo-emsbodyfit-5-1536x1024.jpg 1536w, https:\/\/emsbodyfit25.com\/wp-content\/uploads\/2022\/08\/photo-emsbodyfit-5-2048x1365.jpg 2048w, https:\/\/emsbodyfit25.com\/wp-content\/uploads\/2022\/08\/photo-emsbodyfit-5-18x12.jpg 18w\" sizes=\"(max-width: 1024px) 100vw, 1024px\" \/>\t\t\t\t\t\t\t\t\t\t\t\t\t<\/div>\n\t\t\t\t<\/div>\n\t\t\t\t\t<\/div>\n\t\t<\/div>\n\t\t\t\t\t<\/div>\n\t\t<\/section>\n\t\t\t\t<section class=\"elementor-section elementor-top-section elementor-element elementor-element-56612e1 elementor-section-boxed elementor-section-height-default elementor-section-height-default\" data-id=\"56612e1\" data-element_type=\"section\">\n\t\t\t\t\t\t<div class=\"elementor-container elementor-column-gap-default\">\n\t\t\t\t\t<div class=\"elementor-column elementor-col-100 elementor-top-column elementor-element elementor-element-cd7b6e2\" data-id=\"cd7b6e2\" data-element_type=\"column\">\n\t\t\t<div class=\"elementor-widget-wrap elementor-element-populated\">\n\t\t\t\t\t\t<div class=\"elementor-element elementor-element-586b6f3 elementor-widget elementor-widget-image\" data-id=\"586b6f3\" data-element_type=\"widget\" data-widget_type=\"image.default\">\n\t\t\t\t<div class=\"elementor-widget-container\">\n\t\t\t\t\t\t\t\t\t\t\t\t\t<img loading=\"lazy\" width=\"1024\" height=\"683\" src=\"https:\/\/emsbodyfit25.com\/wp-content\/uploads\/2022\/08\/photo-emsbodyfit-4-1024x683.jpg\" class=\"attachment-large size-large wp-image-1388\" alt=\"\" srcset=\"https:\/\/emsbodyfit25.com\/wp-content\/uploads\/2022\/08\/photo-emsbodyfit-4-1024x683.jpg 1024w, https:\/\/emsbodyfit25.com\/wp-content\/uploads\/2022\/08\/photo-emsbodyfit-4-300x200.jpg 300w, https:\/\/emsbodyfit25.com\/wp-content\/uploads\/2022\/08\/photo-emsbodyfit-4-768x512.jpg 768w, https:\/\/emsbodyfit25.com\/wp-content\/uploads\/2022\/08\/photo-emsbodyfit-4-1536x1024.jpg 1536w, https:\/\/emsbodyfit25.com\/wp-content\/uploads\/2022\/08\/photo-emsbodyfit-4-2048x1365.jpg 2048w, https:\/\/emsbodyfit25.com\/wp-content\/uploads\/2022\/08\/photo-emsbodyfit-4-18x12.jpg 18w\" sizes=\"(max-width: 1024px) 100vw, 1024px\" \/>\t\t\t\t\t\t\t\t\t\t\t\t\t<\/div>\n\t\t\t\t<\/div>\n\t\t\t\t\t<\/div>\n\t\t<\/div>\n\t\t\t\t\t<\/div>\n\t\t<\/section>\n\t\t\t\t<\/div>\n\t\t","protected":false},"excerpt":{"rendered":"<p>Bienvenue chez EMSBODYFIT Carpentras Loan et Florent vos coachs sportif \u00e0 votre \u00e9coute. Nos \u00e9quipements et notre infrastructure Des compl\u00e9ments alimentaire soigneusement s\u00e9lectionn\u00e9s La Salle<\/p>","protected":false},"author":1,"featured_media":0,"parent":0,"menu_order":0,"comment_status":"closed","ping_status":"closed","template":"","meta":{"om_disable_all_campaigns":false,"_monsterinsights_skip_tracking":false,"_monsterinsights_sitenote_active":false,"_monsterinsights_sitenote_note":"","_monsterinsights_sitenote_category":0,"_joinchat":[]},"blocksy_meta":{"styles_descriptor":{"styles":{"desktop":"","tablet":"","mobile":""},"google_fonts":[],"version":5}},"featured_image_urls":{"full":"","thumbnail":"","medium":"","medium_large":"","large":"","1536x1536":"","2048x2048":"","trp-custom-language-flag":""},"post_excerpt_stackable":"<p>Bienvenue chez EMSBODYFIT Carpentras Loan et Florent vos coachs sportif \u00e0 votre \u00e9coute. Nos \u00e9quipements et notre infrastructure Des compl\u00e9ments alimentaire soigneusement s\u00e9lectionn\u00e9s La Salle<\/p>\n","category_list":"","author_info":{"name":"emsbodyfit25","url":"https:\/\/emsbodyfit25.com\/en\/author\/emsbodyfit25\/"},"comments_num":"0 comments","_links":{"self":[{"href":"https:\/\/emsbodyfit25.com\/en\/wp-json\/wp\/v2\/pages\/1368"}],"collection":[{"href":"https:\/\/emsbodyfit25.com\/en\/wp-json\/wp\/v2\/pages"}],"about":[{"href":"https:\/\/emsbodyfit25.com\/en\/wp-json\/wp\/v2\/types\/page"}],"author":[{"embeddable":true,"href":"https:\/\/emsbodyfit25.com\/en\/wp-json\/wp\/v2\/users\/1"}],"replies":[{"embeddable":true,"href":"https:\/\/emsbodyfit25.com\/en\/wp-json\/wp\/v2\/comments?post=1368"}],"version-history":[{"count":14,"href":"https:\/\/emsbodyfit25.com\/en\/wp-json\/wp\/v2\/pages\/1368\/revisions"}],"predecessor-version":[{"id":1445,"href":"https:\/\/emsbodyfit25.com\/en\/wp-json\/wp\/v2\/pages\/1368\/revisions\/1445"}],"wp:attachment":[{"href":"https:\/\/emsbodyfit25.com\/en\/wp-json\/wp\/v2\/media?parent=1368"}],"curies":[{"name":"wp","href":"https:\/\/api.w.org\/{rel}","templated":true}]}}