{"id":688,"date":"2022-07-19T10:53:21","date_gmt":"2022-07-19T08:53:21","guid":{"rendered":"https:\/\/emsbodyfit25.com\/?page_id=688"},"modified":"2022-08-26T14:58:07","modified_gmt":"2022-08-26T12:58:07","slug":"688-2","status":"publish","type":"page","link":"https:\/\/emsbodyfit25.com\/en\/","title":{"rendered":"Bienvenue chez EMSBODYFIT"},"content":{"rendered":"\t\t<div data-elementor-type=\"wp-page\" data-elementor-id=\"688\" class=\"elementor elementor-688\">\n\t\t\t\t\t\t<section class=\"elementor-section elementor-top-section elementor-element elementor-element-aa145d6 elementor-section-boxed elementor-section-height-default elementor-section-height-default\" data-id=\"aa145d6\" data-element_type=\"section\">\n\t\t\t\t\t\t<div class=\"elementor-container elementor-column-gap-default\">\n\t\t\t\t\t<div class=\"elementor-column elementor-col-100 elementor-top-column elementor-element elementor-element-8c1826b\" data-id=\"8c1826b\" data-element_type=\"column\">\n\t\t\t<div class=\"elementor-widget-wrap elementor-element-populated\">\n\t\t\t\t\t\t<div class=\"elementor-element elementor-element-c67107d elementor-invisible elementor-widget elementor-widget-image\" data-id=\"c67107d\" data-element_type=\"widget\" data-settings=\"{&quot;_animation&quot;:&quot;slideInDown&quot;}\" data-widget_type=\"image.default\">\n\t\t\t\t<div class=\"elementor-widget-container\">\n\t\t\t<style>\/*! elementor - v3.23.0 - 05-08-2024 *\/\n.elementor-widget-image{text-align:center}.elementor-widget-image a{display:inline-block}.elementor-widget-image a img[src$=\".svg\"]{width:48px}.elementor-widget-image img{vertical-align:middle;display:inline-block}<\/style>\t\t\t\t\t\t\t\t\t\t<img fetchpriority=\"high\" width=\"1865\" height=\"1080\" src=\"https:\/\/emsbodyfit25.com\/wp-content\/uploads\/2022\/07\/remasterisee.png\" class=\"elementor-animation-grow attachment-2048x2048 size-2048x2048 wp-image-753\" alt=\"\" srcset=\"https:\/\/emsbodyfit25.com\/wp-content\/uploads\/2022\/07\/remasterisee.png 1865w, https:\/\/emsbodyfit25.com\/wp-content\/uploads\/2022\/07\/remasterisee-300x174.png 300w, https:\/\/emsbodyfit25.com\/wp-content\/uploads\/2022\/07\/remasterisee-1024x593.png 1024w, https:\/\/emsbodyfit25.com\/wp-content\/uploads\/2022\/07\/remasterisee-768x445.png 768w, https:\/\/emsbodyfit25.com\/wp-content\/uploads\/2022\/07\/remasterisee-1536x889.png 1536w\" sizes=\"(max-width: 1865px) 100vw, 1865px\" \/>\t\t\t\t\t\t\t\t\t\t\t\t\t<\/div>\n\t\t\t\t<\/div>\n\t\t\t\t\t<\/div>\n\t\t<\/div>\n\t\t\t\t\t<\/div>\n\t\t<\/section>\n\t\t\t\t<section class=\"elementor-section elementor-top-section elementor-element elementor-element-e1c42e3 elementor-section-boxed elementor-section-height-default elementor-section-height-default\" data-id=\"e1c42e3\" data-element_type=\"section\">\n\t\t\t\t\t\t<div class=\"elementor-container elementor-column-gap-default\">\n\t\t\t\t\t<div class=\"elementor-column elementor-col-100 elementor-top-column elementor-element elementor-element-0823517\" data-id=\"0823517\" data-element_type=\"column\">\n\t\t\t<div class=\"elementor-widget-wrap elementor-element-populated\">\n\t\t\t\t\t\t<div class=\"elementor-element elementor-element-2ad13b1 animated-fast elementor-invisible elementor-widget elementor-widget-heading\" data-id=\"2ad13b1\" data-element_type=\"widget\" data-settings=\"{&quot;_animation&quot;:&quot;fadeInDown&quot;,&quot;_animation_mobile&quot;:&quot;fadeInDown&quot;,&quot;_animation_delay&quot;:1300}\" data-widget_type=\"heading.default\">\n\t\t\t\t<div class=\"elementor-widget-container\">\n\t\t\t<style>\/*! elementor - v3.23.0 - 05-08-2024 *\/\n.elementor-heading-title{padding:0;margin:0;line-height:1}.elementor-widget-heading .elementor-heading-title[class*=elementor-size-]>a{color:inherit;font-size:inherit;line-height:inherit}.elementor-widget-heading .elementor-heading-title.elementor-size-small{font-size:15px}.elementor-widget-heading .elementor-heading-title.elementor-size-medium{font-size:19px}.elementor-widget-heading .elementor-heading-title.elementor-size-large{font-size:29px}.elementor-widget-heading .elementor-heading-title.elementor-size-xl{font-size:39px}.elementor-widget-heading .elementor-heading-title.elementor-size-xxl{font-size:59px}<\/style><h1 class=\"elementor-heading-title elementor-size-default\">Il est temps de relever un nouveau D\u00e9fi<\/h1>\t\t<\/div>\n\t\t\t\t<\/div>\n\t\t\t\t\t<\/div>\n\t\t<\/div>\n\t\t\t\t\t<\/div>\n\t\t<\/section>\n\t\t\t\t<section class=\"elementor-section elementor-top-section elementor-element elementor-element-621ced5 elementor-section-boxed elementor-section-height-default elementor-section-height-default\" data-id=\"621ced5\" data-element_type=\"section\">\n\t\t\t\t\t\t<div class=\"elementor-container elementor-column-gap-default\">\n\t\t\t\t\t<div class=\"elementor-column elementor-col-100 elementor-top-column elementor-element elementor-element-da8b58f\" data-id=\"da8b58f\" data-element_type=\"column\">\n\t\t\t<div class=\"elementor-widget-wrap elementor-element-populated\">\n\t\t\t\t\t\t<div class=\"elementor-element elementor-element-6154ba8 elementor-widget elementor-widget-video\" data-id=\"6154ba8\" data-element_type=\"widget\" data-settings=\"{&quot;youtube_url&quot;:&quot;https:\\\/\\\/youtu.be\\\/_ObIY8BAZDI&quot;,&quot;start&quot;:0,&quot;autoplay&quot;:&quot;yes&quot;,&quot;play_on_mobile&quot;:&quot;yes&quot;,&quot;loop&quot;:&quot;yes&quot;,&quot;video_type&quot;:&quot;youtube&quot;,&quot;controls&quot;:&quot;yes&quot;}\" data-widget_type=\"video.default\">\n\t\t\t\t<div class=\"elementor-widget-container\">\n\t\t\t<style>\/*! elementor - v3.23.0 - 05-08-2024 *\/\n.elementor-widget-video .elementor-widget-container{overflow:hidden;transform:translateZ(0)}.elementor-widget-video .elementor-wrapper{aspect-ratio:var(--video-aspect-ratio)}.elementor-widget-video .elementor-wrapper iframe,.elementor-widget-video .elementor-wrapper video{height:100%;width:100%;display:flex;border:none;background-color:#000}@supports not (aspect-ratio:1\/1){.elementor-widget-video .elementor-wrapper{position:relative;overflow:hidden;height:0;padding-bottom:calc(100% \/ var(--video-aspect-ratio))}.elementor-widget-video .elementor-wrapper iframe,.elementor-widget-video .elementor-wrapper video{position:absolute;top:0;right:0;bottom:0;left:0}}.elementor-widget-video .elementor-open-inline .elementor-custom-embed-image-overlay{position:absolute;top:0;right:0;bottom:0;left:0;background-size:cover;background-position:50%}.elementor-widget-video .elementor-custom-embed-image-overlay{cursor:pointer;text-align:center}.elementor-widget-video .elementor-custom-embed-image-overlay:hover .elementor-custom-embed-play i{opacity:1}.elementor-widget-video .elementor-custom-embed-image-overlay img{display:block;width:100%;aspect-ratio:var(--video-aspect-ratio);-o-object-fit:cover;object-fit:cover;-o-object-position:center center;object-position:center center}@supports not (aspect-ratio:1\/1){.elementor-widget-video .elementor-custom-embed-image-overlay{position:relative;overflow:hidden;height:0;padding-bottom:calc(100% \/ var(--video-aspect-ratio))}.elementor-widget-video .elementor-custom-embed-image-overlay img{position:absolute;top:0;right:0;bottom:0;left:0}}.elementor-widget-video .e-hosted-video .elementor-video{-o-object-fit:cover;object-fit:cover}.e-con-inner>.elementor-widget-video,.e-con>.elementor-widget-video{width:var(--container-widget-width);--flex-grow:var(--container-widget-flex-grow)}<\/style>\t\t<div class=\"elementor-wrapper elementor-open-inline\">\n\t\t\t<div class=\"elementor-video\"><\/div>\t\t<\/div>\n\t\t\t\t<\/div>\n\t\t\t\t<\/div>\n\t\t\t\t\t<\/div>\n\t\t<\/div>\n\t\t\t\t\t<\/div>\n\t\t<\/section>\n\t\t\t\t<section class=\"elementor-section elementor-top-section elementor-element elementor-element-36cbde4 elementor-section-boxed elementor-section-height-default elementor-section-height-default\" data-id=\"36cbde4\" data-element_type=\"section\">\n\t\t\t\t\t\t<div class=\"elementor-container elementor-column-gap-default\">\n\t\t\t\t\t<div class=\"elementor-column elementor-col-50 elementor-top-column elementor-element elementor-element-bb1166c\" data-id=\"bb1166c\" data-element_type=\"column\">\n\t\t\t<div class=\"elementor-widget-wrap elementor-element-populated\">\n\t\t\t\t\t\t<div class=\"elementor-element elementor-element-628ecdf e-transform elementor-widget elementor-widget-text-editor\" data-id=\"628ecdf\" data-element_type=\"widget\" data-settings=\"{&quot;_animation_mobile&quot;:&quot;none&quot;,&quot;_transform_scaleX_effect_hover&quot;:{&quot;unit&quot;:&quot;px&quot;,&quot;size&quot;:&quot;&quot;,&quot;sizes&quot;:[]},&quot;_transform_scaleX_effect_hover_tablet&quot;:{&quot;unit&quot;:&quot;px&quot;,&quot;size&quot;:&quot;&quot;,&quot;sizes&quot;:[]},&quot;_transform_scaleX_effect_hover_mobile&quot;:{&quot;unit&quot;:&quot;px&quot;,&quot;size&quot;:&quot;&quot;,&quot;sizes&quot;:[]},&quot;_transform_scaleY_effect_hover&quot;:{&quot;unit&quot;:&quot;px&quot;,&quot;size&quot;:&quot;&quot;,&quot;sizes&quot;:[]},&quot;_transform_scaleY_effect_hover_tablet&quot;:{&quot;unit&quot;:&quot;px&quot;,&quot;size&quot;:&quot;&quot;,&quot;sizes&quot;:[]},&quot;_transform_scaleY_effect_hover_mobile&quot;:{&quot;unit&quot;:&quot;px&quot;,&quot;size&quot;:&quot;&quot;,&quot;sizes&quot;:[]}}\" data-widget_type=\"text-editor.default\">\n\t\t\t\t<div class=\"elementor-widget-container\">\n\t\t\t<style>\/*! elementor - v3.23.0 - 05-08-2024 *\/\n.elementor-widget-text-editor.elementor-drop-cap-view-stacked .elementor-drop-cap{background-color:#69727d;color:#fff}.elementor-widget-text-editor.elementor-drop-cap-view-framed .elementor-drop-cap{color:#69727d;border:3px solid;background-color:transparent}.elementor-widget-text-editor:not(.elementor-drop-cap-view-default) .elementor-drop-cap{margin-top:8px}.elementor-widget-text-editor:not(.elementor-drop-cap-view-default) .elementor-drop-cap-letter{width:1em;height:1em}.elementor-widget-text-editor .elementor-drop-cap{float:left;text-align:center;line-height:1;font-size:50px}.elementor-widget-text-editor .elementor-drop-cap-letter{display:inline-block}<\/style>\t\t\t\t<p>Bienvenue chez <strong>EMSBODYFIT<\/strong>, votre salle de sport avec \u00e9lectrostimulation \u00e0 <strong>CARPENTRAS<\/strong>.<\/p><p>Ici nous utilisons une technologie d&rsquo;\u00e9lectrostimulation sans fil (Wireless) pour garder une libert\u00e9 de mouvement. Une combinaison alliant l&rsquo;\u00e9lectrostimulation cours de fitness, cardio, renforcement musculaire, remise en forme, circuit training, et suivi personnalis\u00e9.<\/p><p>La technologie associ\u00e9e \u00e0 notre savoir faire nous permet de cr\u00e9er un cours sur mesure adapt\u00e9 \u00e0 vos besoins et \u00e0 votre niveau (accessible de 16 \u00e0 99ans).<\/p><p>Nous vous proposons des coachings de 25 minutes en petit groupe ou en priv\u00e9, \u00e9quivalent \u00e0 4h de contraction musculaire.\u00a0<\/p>\t\t\t\t\t\t<\/div>\n\t\t\t\t<\/div>\n\t\t\t\t\t<\/div>\n\t\t<\/div>\n\t\t\t\t<div class=\"elementor-column elementor-col-50 elementor-top-column elementor-element elementor-element-f38726f\" data-id=\"f38726f\" data-element_type=\"column\">\n\t\t\t<div class=\"elementor-widget-wrap elementor-element-populated\">\n\t\t\t\t\t\t<div class=\"elementor-element elementor-element-7de1855 elementor-widget elementor-widget-image\" data-id=\"7de1855\" data-element_type=\"widget\" data-widget_type=\"image.default\">\n\t\t\t\t<div class=\"elementor-widget-container\">\n\t\t\t\t\t\t\t\t\t\t\t\t\t<img width=\"600\" height=\"808\" src=\"https:\/\/emsbodyfit25.com\/wp-content\/uploads\/2022\/07\/innline2HQ-0002.jpg\" class=\"attachment-large size-large wp-image-946\" alt=\"\" srcset=\"https:\/\/emsbodyfit25.com\/wp-content\/uploads\/2022\/07\/innline2HQ-0002.jpg 600w, https:\/\/emsbodyfit25.com\/wp-content\/uploads\/2022\/07\/innline2HQ-0002-223x300.jpg 223w\" sizes=\"(max-width: 600px) 100vw, 600px\" \/>\t\t\t\t\t\t\t\t\t\t\t\t\t<\/div>\n\t\t\t\t<\/div>\n\t\t\t\t\t<\/div>\n\t\t<\/div>\n\t\t\t\t\t<\/div>\n\t\t<\/section>\n\t\t\t\t<section class=\"elementor-section elementor-top-section elementor-element elementor-element-50399b4 elementor-section-boxed elementor-section-height-default elementor-section-height-default\" data-id=\"50399b4\" data-element_type=\"section\">\n\t\t\t\t\t\t<div class=\"elementor-container elementor-column-gap-default\">\n\t\t\t\t\t<div class=\"elementor-column elementor-col-50 elementor-top-column elementor-element elementor-element-73a89d5\" data-id=\"73a89d5\" data-element_type=\"column\">\n\t\t\t<div class=\"elementor-widget-wrap elementor-element-populated\">\n\t\t\t\t\t\t<div class=\"elementor-element elementor-element-43510c8 elementor-widget elementor-widget-image\" data-id=\"43510c8\" data-element_type=\"widget\" data-widget_type=\"image.default\">\n\t\t\t\t<div class=\"elementor-widget-container\">\n\t\t\t\t\t\t\t\t\t\t\t\t\t<img width=\"621\" height=\"620\" src=\"https:\/\/emsbodyfit25.com\/wp-content\/uploads\/2022\/07\/inline-info.jpg\" class=\"attachment-large size-large wp-image-940\" alt=\"\" srcset=\"https:\/\/emsbodyfit25.com\/wp-content\/uploads\/2022\/07\/inline-info.jpg 621w, https:\/\/emsbodyfit25.com\/wp-content\/uploads\/2022\/07\/inline-info-300x300.jpg 300w, https:\/\/emsbodyfit25.com\/wp-content\/uploads\/2022\/07\/inline-info-150x150.jpg 150w\" sizes=\"(max-width: 621px) 100vw, 621px\" \/>\t\t\t\t\t\t\t\t\t\t\t\t\t<\/div>\n\t\t\t\t<\/div>\n\t\t\t\t\t<\/div>\n\t\t<\/div>\n\t\t\t\t<div class=\"elementor-column elementor-col-50 elementor-top-column elementor-element elementor-element-d9e885f\" data-id=\"d9e885f\" data-element_type=\"column\">\n\t\t\t<div class=\"elementor-widget-wrap elementor-element-populated\">\n\t\t\t\t\t\t<div class=\"elementor-element elementor-element-f405887 elementor-widget elementor-widget-image\" data-id=\"f405887\" data-element_type=\"widget\" data-widget_type=\"image.default\">\n\t\t\t\t<div class=\"elementor-widget-container\">\n\t\t\t\t\t\t\t\t\t\t\t\t\t<img loading=\"lazy\" width=\"819\" height=\"1024\" src=\"https:\/\/emsbodyfit25.com\/wp-content\/uploads\/2022\/07\/scann-2-819x1024.jpg\" class=\"attachment-large size-large wp-image-1361\" alt=\"\" srcset=\"https:\/\/emsbodyfit25.com\/wp-content\/uploads\/2022\/07\/scann-2-819x1024.jpg 819w, https:\/\/emsbodyfit25.com\/wp-content\/uploads\/2022\/07\/scann-2-240x300.jpg 240w, https:\/\/emsbodyfit25.com\/wp-content\/uploads\/2022\/07\/scann-2-768x960.jpg 768w, https:\/\/emsbodyfit25.com\/wp-content\/uploads\/2022\/07\/scann-2-1229x1536.jpg 1229w, https:\/\/emsbodyfit25.com\/wp-content\/uploads\/2022\/07\/scann-2-10x12.jpg 10w, https:\/\/emsbodyfit25.com\/wp-content\/uploads\/2022\/07\/scann-2.jpg 1577w\" sizes=\"(max-width: 819px) 100vw, 819px\" \/>\t\t\t\t\t\t\t\t\t\t\t\t\t<\/div>\n\t\t\t\t<\/div>\n\t\t\t\t\t<\/div>\n\t\t<\/div>\n\t\t\t\t\t<\/div>\n\t\t<\/section>\n\t\t\t\t<section class=\"elementor-section elementor-top-section elementor-element elementor-element-8a6083c elementor-section-height-min-height elementor-section-content-middle elementor-section-boxed elementor-section-height-default elementor-section-items-middle\" data-id=\"8a6083c\" data-element_type=\"section\">\n\t\t\t\t\t\t<div class=\"elementor-container elementor-column-gap-wide\">\n\t\t\t\t\t<div class=\"elementor-column elementor-col-100 elementor-top-column elementor-element elementor-element-904a9a9\" data-id=\"904a9a9\" data-element_type=\"column\">\n\t\t\t<div class=\"elementor-widget-wrap elementor-element-populated\">\n\t\t\t\t\t\t<div class=\"elementor-element elementor-element-0f2f84a elementor-widget elementor-widget-google_maps\" data-id=\"0f2f84a\" data-element_type=\"widget\" data-widget_type=\"google_maps.default\">\n\t\t\t\t<div class=\"elementor-widget-container\">\n\t\t\t<style>\/*! elementor - v3.23.0 - 05-08-2024 *\/\n.elementor-widget-google_maps .elementor-widget-container{overflow:hidden}.elementor-widget-google_maps .elementor-custom-embed{line-height:0}.elementor-widget-google_maps iframe{height:300px}<\/style>\t\t<div class=\"elementor-custom-embed\">\n\t\t\t<iframe loading=\"lazy\"\n\t\t\t\t\tsrc=\"https:\/\/maps.google.com\/maps?q=emsbodyfit%20carpentras&#038;t=m&#038;z=17&#038;output=embed&#038;iwloc=near\"\n\t\t\t\t\ttitle=\"emsbodyfit carpentras\"\n\t\t\t\t\taria-label=\"emsbodyfit carpentras\"\n\t\t\t><\/iframe>\n\t\t<\/div>\n\t\t\t\t<\/div>\n\t\t\t\t<\/div>\n\t\t\t\t\t<\/div>\n\t\t<\/div>\n\t\t\t\t\t<\/div>\n\t\t<\/section>\n\t\t\t\t<section class=\"elementor-section elementor-top-section elementor-element elementor-element-fae8a49 elementor-section-boxed elementor-section-height-default elementor-section-height-default\" data-id=\"fae8a49\" data-element_type=\"section\">\n\t\t\t\t\t\t<div class=\"elementor-container elementor-column-gap-default\">\n\t\t\t\t\t<div class=\"elementor-column elementor-col-100 elementor-top-column elementor-element elementor-element-8dd9286\" data-id=\"8dd9286\" data-element_type=\"column\">\n\t\t\t<div class=\"elementor-widget-wrap\">\n\t\t\t\t\t\t\t<\/div>\n\t\t<\/div>\n\t\t\t\t\t<\/div>\n\t\t<\/section>\n\t\t\t\t<\/div>\n\t\t","protected":false},"excerpt":{"rendered":"<p>Il est temps de relever un nouveau D\u00e9fi https:\/\/youtu.be\/_ObIY8BAZDI Bienvenue chez EMSBODYFIT, votre salle de sport avec \u00e9lectrostimulation \u00e0 CARPENTRAS. Ici nous utilisons une technologie d&rsquo;\u00e9lectrostimulation sans fil (Wireless) pour garder une libert\u00e9 de mouvement. Une combinaison alliant l&rsquo;\u00e9lectrostimulation cours de fitness, cardio, renforcement musculaire, remise en forme, circuit training, et suivi personnalis\u00e9. La technologie associ\u00e9e \u00e0 notre savoir faire nous permet de cr\u00e9er un cours sur mesure adapt\u00e9 \u00e0 vos besoins et \u00e0 votre niveau (accessible de 16 \u00e0 99ans). Nous vous proposons des coachings de 25 minutes en petit groupe ou en priv\u00e9, \u00e9quivalent \u00e0 4h de contraction\u2026<\/p>","protected":false},"author":1,"featured_media":0,"parent":0,"menu_order":0,"comment_status":"closed","ping_status":"closed","template":"","meta":{"om_disable_all_campaigns":false,"_monsterinsights_skip_tracking":false,"_monsterinsights_sitenote_active":false,"_monsterinsights_sitenote_note":"","_monsterinsights_sitenote_category":0,"_joinchat":[]},"blocksy_meta":{"styles_descriptor":{"styles":{"desktop":"","tablet":"","mobile":""},"google_fonts":[],"version":5}},"featured_image_urls":{"full":"","thumbnail":"","medium":"","medium_large":"","large":"","1536x1536":"","2048x2048":"","trp-custom-language-flag":""},"post_excerpt_stackable":"<p>Il est temps de relever un nouveau D\u00e9fi Bienvenue chez EMSBODYFIT, votre salle de sport avec \u00e9lectrostimulation \u00e0 CARPENTRAS.Ici nous utilisons une technologie d&rsquo;\u00e9lectrostimulation sans fil (Wireless) pour garder une libert\u00e9 de mouvement. Une combinaison alliant l&rsquo;\u00e9lectrostimulation cours de fitness, cardio, renforcement musculaire, remise en forme, circuit training, et suivi personnalis\u00e9.La technologie associ\u00e9e \u00e0 notre savoir faire nous permet de cr\u00e9er un cours sur mesure adapt\u00e9 \u00e0 vos besoins et \u00e0 votre niveau (accessible de 16 \u00e0 99ans).Nous vous proposons des coachings de 25 minutes en petit groupe ou en priv\u00e9, \u00e9quivalent \u00e0 4h de contraction musculaire.\u00a0<\/p>\n","category_list":"","author_info":{"name":"emsbodyfit25","url":"https:\/\/emsbodyfit25.com\/en\/author\/emsbodyfit25\/"},"comments_num":"0 comments","_links":{"self":[{"href":"https:\/\/emsbodyfit25.com\/en\/wp-json\/wp\/v2\/pages\/688"}],"collection":[{"href":"https:\/\/emsbodyfit25.com\/en\/wp-json\/wp\/v2\/pages"}],"about":[{"href":"https:\/\/emsbodyfit25.com\/en\/wp-json\/wp\/v2\/types\/page"}],"author":[{"embeddable":true,"href":"https:\/\/emsbodyfit25.com\/en\/wp-json\/wp\/v2\/users\/1"}],"replies":[{"embeddable":true,"href":"https:\/\/emsbodyfit25.com\/en\/wp-json\/wp\/v2\/comments?post=688"}],"version-history":[{"count":209,"href":"https:\/\/emsbodyfit25.com\/en\/wp-json\/wp\/v2\/pages\/688\/revisions"}],"predecessor-version":[{"id":1364,"href":"https:\/\/emsbodyfit25.com\/en\/wp-json\/wp\/v2\/pages\/688\/revisions\/1364"}],"wp:attachment":[{"href":"https:\/\/emsbodyfit25.com\/en\/wp-json\/wp\/v2\/media?parent=688"}],"curies":[{"name":"wp","href":"https:\/\/api.w.org\/{rel}","templated":true}]}}