{"id":737,"date":"2022-07-19T13:32:32","date_gmt":"2022-07-19T11:32:32","guid":{"rendered":"https:\/\/emsbodyfit25.com\/?page_id=737"},"modified":"2025-03-03T18:52:19","modified_gmt":"2025-03-03T17:52:19","slug":"bienfaits","status":"publish","type":"page","link":"https:\/\/emsbodyfit25.com\/en\/bienfaits\/","title":{"rendered":"Benefits"},"content":{"rendered":"\t\t<div data-elementor-type=\"wp-page\" data-elementor-id=\"737\" class=\"elementor elementor-737\">\n\t\t\t\t\t\t<section class=\"elementor-section elementor-top-section elementor-element elementor-element-a67cb32 elementor-section-boxed elementor-section-height-default elementor-section-height-default\" data-id=\"a67cb32\" data-element_type=\"section\">\n\t\t\t\t\t\t<div class=\"elementor-container elementor-column-gap-default\">\n\t\t\t\t\t<div class=\"elementor-column elementor-col-100 elementor-top-column elementor-element elementor-element-daf73e6\" data-id=\"daf73e6\" data-element_type=\"column\">\n\t\t\t<div class=\"elementor-widget-wrap elementor-element-populated\">\n\t\t\t\t\t\t<div class=\"elementor-element elementor-element-001a60f elementor-widget elementor-widget-heading\" data-id=\"001a60f\" data-element_type=\"widget\" data-widget_type=\"heading.default\">\n\t\t\t\t<div class=\"elementor-widget-container\">\n\t\t\t<style>\/*! elementor - v3.23.0 - 05-08-2024 *\/\n.elementor-heading-title{padding:0;margin:0;line-height:1}.elementor-widget-heading .elementor-heading-title[class*=elementor-size-]>a{color:inherit;font-size:inherit;line-height:inherit}.elementor-widget-heading .elementor-heading-title.elementor-size-small{font-size:15px}.elementor-widget-heading .elementor-heading-title.elementor-size-medium{font-size:19px}.elementor-widget-heading .elementor-heading-title.elementor-size-large{font-size:29px}.elementor-widget-heading .elementor-heading-title.elementor-size-xl{font-size:39px}.elementor-widget-heading .elementor-heading-title.elementor-size-xxl{font-size:59px}<\/style><h2 class=\"elementor-heading-title elementor-size-default\">Les bienfaits de 4h de sport\nen seulement 20 minutes\u2026<\/h2>\t\t<\/div>\n\t\t\t\t<\/div>\n\t\t\t\t\t<\/div>\n\t\t<\/div>\n\t\t\t\t\t<\/div>\n\t\t<\/section>\n\t\t\t\t<section class=\"elementor-section elementor-top-section elementor-element elementor-element-c810cca elementor-section-boxed elementor-section-height-default elementor-section-height-default\" data-id=\"c810cca\" data-element_type=\"section\">\n\t\t\t\t\t\t<div class=\"elementor-container elementor-column-gap-default\">\n\t\t\t\t\t<div class=\"elementor-column elementor-col-50 elementor-top-column elementor-element elementor-element-1eab90b\" data-id=\"1eab90b\" data-element_type=\"column\">\n\t\t\t<div class=\"elementor-widget-wrap elementor-element-populated\">\n\t\t\t\t\t\t<div class=\"elementor-element elementor-element-e777c1a elementor-widget elementor-widget-text-editor\" data-id=\"e777c1a\" data-element_type=\"widget\" data-widget_type=\"text-editor.default\">\n\t\t\t\t<div class=\"elementor-widget-container\">\n\t\t\t<style>\/*! elementor - v3.23.0 - 05-08-2024 *\/\n.elementor-widget-text-editor.elementor-drop-cap-view-stacked .elementor-drop-cap{background-color:#69727d;color:#fff}.elementor-widget-text-editor.elementor-drop-cap-view-framed .elementor-drop-cap{color:#69727d;border:3px solid;background-color:transparent}.elementor-widget-text-editor:not(.elementor-drop-cap-view-default) .elementor-drop-cap{margin-top:8px}.elementor-widget-text-editor:not(.elementor-drop-cap-view-default) .elementor-drop-cap-letter{width:1em;height:1em}.elementor-widget-text-editor .elementor-drop-cap{float:left;text-align:center;line-height:1;font-size:50px}.elementor-widget-text-editor .elementor-drop-cap-letter{display:inline-block}<\/style>\t\t\t\t<p>EMSBODYFIT vous propose tous les avantages\u2026 sans les inconv\u00e9nients !<br \/>Alors pourquoi se priver ?<\/p><p>\u00a0<\/p><p>Alors que la technologie concurrente sollicite 8 groupes musculaires, celle de EMSBODYFIT vous permet de travailler 12 groupes simultan\u00e9ment : caract\u00e9ristique unique en France et en Europe. Absolument tous les muscles sont stimul\u00e9s, m\u00eame les plus profonds. Avec notre mat\u00e9riel, <strong>la combinaison d\u2019\u00e9lectrostimulation la plus performante au monde<\/strong>, une s\u00e9ance de 20 minutes est \u00e9quivalente \u00e0 4 heures de sport !<br \/>Nos coachs sp\u00e9cialis\u00e9s personnalisent vos exercices, avec une \u00e9coute attentive de vos besoins et aspirations ; la s\u00e9ance peut \u00eatre rigoureuse et ax\u00e9e rendement musculaire, ou plus enjou\u00e9e et ludique.<\/p>\t\t\t\t\t\t<\/div>\n\t\t\t\t<\/div>\n\t\t\t\t\t<\/div>\n\t\t<\/div>\n\t\t\t\t<div class=\"elementor-column elementor-col-50 elementor-top-column elementor-element elementor-element-0cda85b\" data-id=\"0cda85b\" data-element_type=\"column\">\n\t\t\t<div class=\"elementor-widget-wrap elementor-element-populated\">\n\t\t\t\t\t\t<div class=\"elementor-element elementor-element-c818641 elementor-widget elementor-widget-image\" data-id=\"c818641\" data-element_type=\"widget\" data-widget_type=\"image.default\">\n\t\t\t\t<div class=\"elementor-widget-container\">\n\t\t\t<style>\/*! elementor - v3.23.0 - 05-08-2024 *\/\n.elementor-widget-image{text-align:center}.elementor-widget-image a{display:inline-block}.elementor-widget-image a img[src$=\".svg\"]{width:48px}.elementor-widget-image img{vertical-align:middle;display:inline-block}<\/style>\t\t\t\t\t\t\t\t\t\t<img fetchpriority=\"high\" width=\"768\" height=\"1024\" src=\"https:\/\/emsbodyfit25.com\/wp-content\/uploads\/2025\/03\/89ef590c-c198-46b0-9483-081612b94f93-768x1024.jpg\" class=\"attachment-large size-large wp-image-1474\" alt=\"\" srcset=\"https:\/\/emsbodyfit25.com\/wp-content\/uploads\/2025\/03\/89ef590c-c198-46b0-9483-081612b94f93-768x1024.jpg 768w, https:\/\/emsbodyfit25.com\/wp-content\/uploads\/2025\/03\/89ef590c-c198-46b0-9483-081612b94f93-225x300.jpg 225w, https:\/\/emsbodyfit25.com\/wp-content\/uploads\/2025\/03\/89ef590c-c198-46b0-9483-081612b94f93-1152x1536.jpg 1152w, https:\/\/emsbodyfit25.com\/wp-content\/uploads\/2025\/03\/89ef590c-c198-46b0-9483-081612b94f93-9x12.jpg 9w, https:\/\/emsbodyfit25.com\/wp-content\/uploads\/2025\/03\/89ef590c-c198-46b0-9483-081612b94f93.jpg 1536w\" sizes=\"(max-width: 768px) 100vw, 768px\" \/>\t\t\t\t\t\t\t\t\t\t\t\t\t<\/div>\n\t\t\t\t<\/div>\n\t\t\t\t\t<\/div>\n\t\t<\/div>\n\t\t\t\t\t<\/div>\n\t\t<\/section>\n\t\t\t\t<section class=\"elementor-section elementor-top-section elementor-element elementor-element-f07c001 elementor-section-boxed elementor-section-height-default elementor-section-height-default\" data-id=\"f07c001\" data-element_type=\"section\">\n\t\t\t\t\t\t<div class=\"elementor-container elementor-column-gap-default\">\n\t\t\t\t\t<div class=\"elementor-column elementor-col-100 elementor-top-column elementor-element elementor-element-3e61c77\" data-id=\"3e61c77\" data-element_type=\"column\">\n\t\t\t<div class=\"elementor-widget-wrap elementor-element-populated\">\n\t\t\t\t\t\t<div class=\"elementor-element elementor-element-646b183 elementor-widget elementor-widget-text-editor\" data-id=\"646b183\" data-element_type=\"widget\" data-widget_type=\"text-editor.default\">\n\t\t\t\t<div class=\"elementor-widget-container\">\n\t\t\t\t\t\t\t<div id=\"la_heading_62de90fa7476d\" class=\"la-headings text-center\"><div class=\"js-el subheading-tag la-unit-responsive\"><h2><strong>Le plaisir au service de votre bien-\u00eatre, sans jamais n\u00e9gliger les r\u00e9sultats :<br \/>voil\u00e0 notre objectif chez EMSBODYFIT.\u00a0<\/strong><\/h2><\/div><\/div><div class=\"wpb_text_column wpb_content_element \"><div class=\"wpb_wrapper\"><p>Est accessible \u00e0 tous ! Les femmes comme les hommes, quel que soit leur \u00e2ge (\u00e0 partir de 18 ans), et quel que soit leur objectif :<\/p><\/div><\/div>\t\t\t\t\t\t<\/div>\n\t\t\t\t<\/div>\n\t\t\t\t\t<\/div>\n\t\t<\/div>\n\t\t\t\t\t<\/div>\n\t\t<\/section>\n\t\t\t\t<section class=\"elementor-section elementor-top-section elementor-element elementor-element-bbf1b73 elementor-section-boxed elementor-section-height-default elementor-section-height-default\" data-id=\"bbf1b73\" data-element_type=\"section\">\n\t\t\t\t\t\t<div class=\"elementor-container elementor-column-gap-default\">\n\t\t\t\t\t<div class=\"elementor-column elementor-col-50 elementor-top-column elementor-element elementor-element-6c2bd16\" data-id=\"6c2bd16\" data-element_type=\"column\">\n\t\t\t<div class=\"elementor-widget-wrap elementor-element-populated\">\n\t\t\t\t\t\t<div class=\"elementor-element elementor-element-3f98264 elementor-widget elementor-widget-image\" data-id=\"3f98264\" data-element_type=\"widget\" data-widget_type=\"image.default\">\n\t\t\t\t<div class=\"elementor-widget-container\">\n\t\t\t\t\t\t\t\t\t\t\t\t\t<img width=\"768\" height=\"1024\" src=\"https:\/\/emsbodyfit25.com\/wp-content\/uploads\/2025\/03\/c5035446-7a5f-43ac-9345-e2279d5df029-1-768x1024.jpg\" class=\"attachment-large size-large wp-image-1476\" alt=\"\" srcset=\"https:\/\/emsbodyfit25.com\/wp-content\/uploads\/2025\/03\/c5035446-7a5f-43ac-9345-e2279d5df029-1-768x1024.jpg 768w, https:\/\/emsbodyfit25.com\/wp-content\/uploads\/2025\/03\/c5035446-7a5f-43ac-9345-e2279d5df029-1-225x300.jpg 225w, https:\/\/emsbodyfit25.com\/wp-content\/uploads\/2025\/03\/c5035446-7a5f-43ac-9345-e2279d5df029-1-1152x1536.jpg 1152w, https:\/\/emsbodyfit25.com\/wp-content\/uploads\/2025\/03\/c5035446-7a5f-43ac-9345-e2279d5df029-1-9x12.jpg 9w, https:\/\/emsbodyfit25.com\/wp-content\/uploads\/2025\/03\/c5035446-7a5f-43ac-9345-e2279d5df029-1.jpg 1536w\" sizes=\"(max-width: 768px) 100vw, 768px\" \/>\t\t\t\t\t\t\t\t\t\t\t\t\t<\/div>\n\t\t\t\t<\/div>\n\t\t\t\t\t<\/div>\n\t\t<\/div>\n\t\t\t\t<div class=\"elementor-column elementor-col-50 elementor-top-column elementor-element elementor-element-07c3e7a\" data-id=\"07c3e7a\" data-element_type=\"column\">\n\t\t\t<div class=\"elementor-widget-wrap elementor-element-populated\">\n\t\t\t\t\t\t<div class=\"elementor-element elementor-element-f532241 elementor-widget elementor-widget-image\" data-id=\"f532241\" data-element_type=\"widget\" data-widget_type=\"image.default\">\n\t\t\t\t<div class=\"elementor-widget-container\">\n\t\t\t\t\t\t\t\t\t\t\t\t\t<img width=\"768\" height=\"1024\" src=\"https:\/\/emsbodyfit25.com\/wp-content\/uploads\/2025\/03\/309f6073-c98a-48f8-9c22-5488d1d39b4e-768x1024.jpg\" class=\"attachment-large size-large wp-image-1478\" alt=\"\" srcset=\"https:\/\/emsbodyfit25.com\/wp-content\/uploads\/2025\/03\/309f6073-c98a-48f8-9c22-5488d1d39b4e-768x1024.jpg 768w, https:\/\/emsbodyfit25.com\/wp-content\/uploads\/2025\/03\/309f6073-c98a-48f8-9c22-5488d1d39b4e-225x300.jpg 225w, https:\/\/emsbodyfit25.com\/wp-content\/uploads\/2025\/03\/309f6073-c98a-48f8-9c22-5488d1d39b4e-1152x1536.jpg 1152w, https:\/\/emsbodyfit25.com\/wp-content\/uploads\/2025\/03\/309f6073-c98a-48f8-9c22-5488d1d39b4e-9x12.jpg 9w, https:\/\/emsbodyfit25.com\/wp-content\/uploads\/2025\/03\/309f6073-c98a-48f8-9c22-5488d1d39b4e.jpg 1536w\" sizes=\"(max-width: 768px) 100vw, 768px\" \/>\t\t\t\t\t\t\t\t\t\t\t\t\t<\/div>\n\t\t\t\t<\/div>\n\t\t\t\t\t<\/div>\n\t\t<\/div>\n\t\t\t\t\t<\/div>\n\t\t<\/section>\n\t\t\t\t<\/div>\n\t\t","protected":false},"excerpt":{"rendered":"<p>Les bienfaits de 4h de sport en seulement 20 minutes\u2026 EMSBODYFIT vous propose tous les avantages\u2026 sans les inconv\u00e9nients !Alors pourquoi se priver ? \u00a0 Alors que la technologie concurrente sollicite 8 groupes musculaires, celle de EMSBODYFIT vous permet de travailler 12 groupes simultan\u00e9ment : caract\u00e9ristique unique en France et en Europe. Absolument tous les muscles sont stimul\u00e9s, m\u00eame les plus profonds. Avec notre mat\u00e9riel, la combinaison d\u2019\u00e9lectrostimulation la plus performante au monde, une s\u00e9ance de 20 minutes est \u00e9quivalente \u00e0 4 heures de sport !Nos coachs sp\u00e9cialis\u00e9s personnalisent vos exercices, avec une \u00e9coute attentive de vos besoins et aspirations\u2026<\/p>","protected":false},"author":1,"featured_media":0,"parent":0,"menu_order":0,"comment_status":"closed","ping_status":"closed","template":"","meta":{"om_disable_all_campaigns":false,"_monsterinsights_skip_tracking":false,"_monsterinsights_sitenote_active":false,"_monsterinsights_sitenote_note":"","_monsterinsights_sitenote_category":0,"_joinchat":[]},"blocksy_meta":{"styles_descriptor":{"styles":{"desktop":"","tablet":"","mobile":""},"google_fonts":[],"version":5}},"featured_image_urls":{"full":"","thumbnail":"","medium":"","medium_large":"","large":"","1536x1536":"","2048x2048":"","trp-custom-language-flag":""},"post_excerpt_stackable":"<p>Les bienfaits de 4h de sport en seulement 20 minutes\u2026 EMSBODYFIT vous propose tous les avantages\u2026 sans les inconv\u00e9nients !Alors pourquoi se priver ?\u00a0Alors que la technologie concurrente sollicite 8 groupes musculaires, celle de EMSBODYFIT vous permet de travailler 12 groupes simultan\u00e9ment : caract\u00e9ristique unique en France et en Europe. Absolument tous les muscles sont stimul\u00e9s, m\u00eame les plus profonds. Avec notre mat\u00e9riel, la combinaison d\u2019\u00e9lectrostimulation la plus performante au monde, une s\u00e9ance de 20 minutes est \u00e9quivalente \u00e0 4 heures de sport !Nos coachs sp\u00e9cialis\u00e9s personnalisent vos exercices, avec une \u00e9coute attentive de vos besoins et aspirations ; la&hellip;<\/p>\n","category_list":"","author_info":{"name":"emsbodyfit25","url":"https:\/\/emsbodyfit25.com\/en\/author\/emsbodyfit25\/"},"comments_num":"0 comments","_links":{"self":[{"href":"https:\/\/emsbodyfit25.com\/en\/wp-json\/wp\/v2\/pages\/737"}],"collection":[{"href":"https:\/\/emsbodyfit25.com\/en\/wp-json\/wp\/v2\/pages"}],"about":[{"href":"https:\/\/emsbodyfit25.com\/en\/wp-json\/wp\/v2\/types\/page"}],"author":[{"embeddable":true,"href":"https:\/\/emsbodyfit25.com\/en\/wp-json\/wp\/v2\/users\/1"}],"replies":[{"embeddable":true,"href":"https:\/\/emsbodyfit25.com\/en\/wp-json\/wp\/v2\/comments?post=737"}],"version-history":[{"count":19,"href":"https:\/\/emsbodyfit25.com\/en\/wp-json\/wp\/v2\/pages\/737\/revisions"}],"predecessor-version":[{"id":1499,"href":"https:\/\/emsbodyfit25.com\/en\/wp-json\/wp\/v2\/pages\/737\/revisions\/1499"}],"wp:attachment":[{"href":"https:\/\/emsbodyfit25.com\/en\/wp-json\/wp\/v2\/media?parent=737"}],"curies":[{"name":"wp","href":"https:\/\/api.w.org\/{rel}","templated":true}]}}